{"id":11601,"date":"2025-01-17T22:35:44","date_gmt":"2025-01-17T21:35:44","guid":{"rendered":"https:\/\/www.chapelle-sainte-rita.com\/indulgencia-plenaria-del-jubileo\/"},"modified":"2025-03-13T11:36:47","modified_gmt":"2025-03-13T10:36:47","slug":"indulgencia-plenaria-del-jubileo","status":"publish","type":"page","link":"https:\/\/www.chapelle-sainte-rita.com\/es\/indulgencia-plenaria-del-jubileo\/","title":{"rendered":"Indulgencia Plenaria del Jubileo"},"content":{"rendered":"\t\t<div data-elementor-type=\"wp-page\" data-elementor-id=\"11601\" class=\"elementor elementor-11601 elementor-9969\" data-elementor-post-type=\"page\">\n\t\t\t\t<div class=\"elementor-element elementor-element-bfe2efa e-flex e-con-boxed e-con e-parent\" data-id=\"bfe2efa\" data-element_type=\"container\" data-e-type=\"container\">\n\t\t\t\t\t<div class=\"e-con-inner\">\n\t\t\t\t<div class=\"elementor-element elementor-element-a3612cc elementor-widget elementor-widget-text-editor\" data-id=\"a3612cc\" data-element_type=\"widget\" data-e-type=\"widget\" data-widget_type=\"text-editor.default\">\n\t\t\t\t<div class=\"elementor-widget-container\">\n\t\t\t\t\t\t\t\t\t<ul>\n<li><strong>El sentido espiritual de la indulgencia<\/strong><\/li>\n<\/ul>\t\t\t\t\t\t\t\t<\/div>\n\t\t\t\t<\/div>\n\t\t\t\t<div class=\"elementor-element elementor-element-e08c42d elementor-widget elementor-widget-text-editor\" data-id=\"e08c42d\" data-element_type=\"widget\" data-e-type=\"widget\" data-widget_type=\"text-editor.default\">\n\t\t\t\t<div class=\"elementor-widget-container\">\n\t\t\t\t\t\t\t\t\t<p>La indulgencia es una manifestaci\u00f3n concreta de la misericordia de Dios, que supera los l\u00edmites de la justicia humana y los transforma.<\/p>\n<p><\/p>\n<p>Una indulgencia revela la forma de actuar de Dios: reordena toda la historia, toda nuestra historia, seg\u00fan su amor. En franc\u00e9s, la palabra \u00bb <strong>indulgencia<\/strong> \u00bb conlleva una connotaci\u00f3n de debilidad que es ajena a la realidad de lo que Dios est\u00e1 haciendo. Nos recuerda la cercan\u00eda del Reino viviendo, ahora mismo, la m\u00e1s importante de las realidades: la caridad. Beneficiarse de una indulgencia es experimentar con gratitud la feliz desproporci\u00f3n entre nuestra peque\u00f1ez y la grandeza de Dios, que puede devolver a la humanidad su gracia (Cf. Plegaria eucar\u00edstica de reconciliaci\u00f3n I).    <\/p>\t\t\t\t\t\t\t\t<\/div>\n\t\t\t\t<\/div>\n\t\t\t\t<div class=\"elementor-element elementor-element-e98da3f elementor-widget elementor-widget-text-editor\" data-id=\"e98da3f\" data-element_type=\"widget\" data-e-type=\"widget\" data-widget_type=\"text-editor.default\">\n\t\t\t\t<div class=\"elementor-widget-container\">\n\t\t\t\t\t\t\t\t\t<p><strong>La indulgencia plenaria es una gracia ofrecida por Dios con ocasi\u00f3n del A\u00f1o Jubilar.<\/strong><\/p>\n<p><\/p>\n<p><strong>Es reparaci\u00f3n, borrar el desorden causado por el pecado.<\/strong><\/p>\t\t\t\t\t\t\t\t<\/div>\n\t\t\t\t<\/div>\n\t\t\t\t<div class=\"elementor-element elementor-element-c80e601 elementor-widget elementor-widget-text-editor\" data-id=\"c80e601\" data-element_type=\"widget\" data-e-type=\"widget\" data-widget_type=\"text-editor.default\">\n\t\t\t\t<div class=\"elementor-widget-container\">\n\t\t\t\t\t\t\t\t\t<p>La indulgencia es la indulgencia de Dios. No se puede ganar; es un don puro y gratuito de la Misericordia Divina. <\/p>\n<p><\/p>\n<ul class=\"wp-block-list\">\n<li>En el sacramento del perd\u00f3n, <strong>el pecado es perdonado<\/strong>.<\/li>\n\n<li>Pero queda el desorden causado por el pecado, un <strong>desorden que requiere reparaci\u00f3n<\/strong>, la llamada \u00abpena\u00bb, que da lugar a la \u00abpenitencia\u00bb que el pecador perdonado realiza tras recibir el perd\u00f3n sacramental.<\/li>\n<\/ul>\n<p><\/p>\n<p>La indulgencia plenaria es una gracia ofrecida por Dios con ocasi\u00f3n del A\u00f1o Jubilar. Es la reparaci\u00f3n, el borrado del desorden causado por el pecado. Se solicita mediante ejercicios de piedad, la confesi\u00f3n, el paso por la Puerta Santa, la oraci\u00f3n por las intenciones del Santo Padre, etc. Se recibe en la comuni\u00f3n de los santos que no cesan de rezar por la aceptaci\u00f3n de la Divina Misericordia, en la tierra como en el cielo.  <\/p>\n<p><\/p>\n<p>Dios siempre est\u00e1 dispuesto a perdonar y nunca se cansa de ofrecerlo de formas nuevas e inesperadas.<\/p>\t\t\t\t\t\t\t\t<\/div>\n\t\t\t\t<\/div>\n\t\t\t\t<div class=\"elementor-element elementor-element-f642adf elementor-widget elementor-widget-text-editor\" data-id=\"f642adf\" data-element_type=\"widget\" data-e-type=\"widget\" data-widget_type=\"text-editor.default\">\n\t\t\t\t<div class=\"elementor-widget-container\">\n\t\t\t\t\t\t\t\t\t<p>Extracto de la Burbuja:  <strong style=\"color: var( --e-global-color-text ); font-family: var( --e-global-typography-text-font-family ), Sans-serif; font-size: var( --e-global-typography-text-font-size );\"><em>\u00abDios est\u00e1 siempre dispuesto a perdonar y nunca se cansa de ofrecerlo de formas nuevas e inesperadas&#8230; En el sacramento de la reconciliaci\u00f3n, Dios perdona los pecados, y \u00e9stos quedan verdaderamente borrados, aunque la huella negativa de los pecados permanece en nuestro comportamiento y en nuestros pensamientos. Pero la misericordia de Dios es m\u00e1s fuerte que esto. Se convierte en la indulgencia del Padre, que llega al pecador perdonado a trav\u00e9s de la Esposa de Cristo (la Iglesia), y le libera de todo lo que queda de las consecuencias del pecado, permiti\u00e9ndole actuar con caridad, crecer en el amor en lugar de volver a caer en el pecado\u00bb.<\/em><\/strong><span style=\"color: var( --e-global-color-text ); font-family: var( --e-global-typography-text-font-family ), Sans-serif; font-size: var( --e-global-typography-text-font-size ); font-weight: var( --e-global-typography-text-font-weight );\">  MV n\u00b022, Papa Francisco.<\/span><\/p>\n\t\t\t\t\t\t\t\t<\/div>\n\t\t\t\t<\/div>\n\t\t\t\t<div class=\"elementor-element elementor-element-bbb0216 elementor-widget elementor-widget-image\" data-id=\"bbb0216\" data-element_type=\"widget\" data-e-type=\"widget\" data-widget_type=\"image.default\">\n\t\t\t\t<div class=\"elementor-widget-container\">\n\t\t\t\t\t\t\t\t\t\t\t\t\t\t\t<img fetchpriority=\"high\" decoding=\"async\" width=\"800\" height=\"296\" src=\"https:\/\/www.chapelle-sainte-rita.com\/wp-content\/uploads\/2025\/01\/Statues-Saints-1024x379.jpg\" class=\"attachment-large size-large wp-image-10235\" alt=\"\" srcset=\"https:\/\/www.chapelle-sainte-rita.com\/wp-content\/uploads\/2025\/01\/Statues-Saints-1024x379.jpg 1024w, https:\/\/www.chapelle-sainte-rita.com\/wp-content\/uploads\/2025\/01\/Statues-Saints-300x111.jpg 300w, https:\/\/www.chapelle-sainte-rita.com\/wp-content\/uploads\/2025\/01\/Statues-Saints-768x284.jpg 768w, https:\/\/www.chapelle-sainte-rita.com\/wp-content\/uploads\/2025\/01\/Statues-Saints-1536x569.jpg 1536w, https:\/\/www.chapelle-sainte-rita.com\/wp-content\/uploads\/2025\/01\/Statues-Saints.jpg 2033w\" sizes=\"(max-width: 800px) 100vw, 800px\" \/>\t\t\t\t\t\t\t\t\t\t\t\t\t\t\t<\/div>\n\t\t\t\t<\/div>\n\t\t\t\t<div class=\"elementor-element elementor-element-2e0b23a elementor-widget elementor-widget-text-editor\" data-id=\"2e0b23a\" data-element_type=\"widget\" data-e-type=\"widget\" data-widget_type=\"text-editor.default\">\n\t\t\t\t<div class=\"elementor-widget-container\">\n\t\t\t\t\t\t\t\t\t<p>***********************************************************<\/p>\n\t\t\t\t\t\t\t\t<\/div>\n\t\t\t\t<\/div>\n\t\t\t\t<div class=\"elementor-element elementor-element-9e916bc elementor-widget elementor-widget-text-editor\" data-id=\"9e916bc\" data-element_type=\"widget\" data-e-type=\"widget\" data-widget_type=\"text-editor.default\">\n\t\t\t\t<div class=\"elementor-widget-container\">\n\t\t\t\t\t\t\t\t\t<ul>\n<li><strong>\u00bfLa Iglesia y la Indulgencia Plenaria?<\/strong><\/li>\n<\/ul>\t\t\t\t\t\t\t\t<\/div>\n\t\t\t\t<\/div>\n\t\t\t\t<div class=\"elementor-element elementor-element-98a1406 elementor-widget elementor-widget-text-editor\" data-id=\"98a1406\" data-element_type=\"widget\" data-e-type=\"widget\" data-widget_type=\"text-editor.default\">\n\t\t\t\t<div class=\"elementor-widget-container\">\n\t\t\t\t\t\t\t\t\t<p>Por ello, el Vaticano ha anunciado que se conceder\u00e1n indulgencias plenarias en el marco del A\u00f1o Jubilar 2025, como suele ocurrir durante un A\u00f1o Santo. El 9 de mayo, fiesta de la Ascensi\u00f3n, el Papa Francisco ley\u00f3 la bula de imposici\u00f3n del Jubileo. <\/p>\n<p><\/p>\n<p>Al conceder una indulgencia plenaria, la Iglesia cat\u00f3lica expresa su deseo de que los fieles experimenten la misericordia de Dios. De hecho, conceder una indulgencia plenaria es declarar la remisi\u00f3n o el perd\u00f3n de los pecados y de \u00abtodo lo que queda de las consecuencias del pecado\u00bb. <strong><em>\u00abde todo lo que queda de las consecuencias del pecado\u00bb,<\/em><\/strong> reza la nota de la Penitenciar\u00eda Apost\u00f3lica publicada el lunes 13 de mayo. <\/p>\n<p><\/p>\n<p>En la religi\u00f3n cristiana, el pecado es <strong><em>\u00abuna falta de amor hacia Dios, hacia el pr\u00f3jimo y hacia uno mismo\u00bb.<\/em><\/strong> (fuente: Iglesia cat\u00f3lica en Francia). Para los cat\u00f3licos, su relaci\u00f3n con Dios pasa por la Iglesia. Aunque es Dios quien perdona, para los fieles la remisi\u00f3n de los pecados requiere un sacramento, el sacramento de la penitencia. \u00c9ste permite la reconciliaci\u00f3n con Dios.   <\/p>\t\t\t\t\t\t\t\t<\/div>\n\t\t\t\t<\/div>\n\t\t\t\t<div class=\"elementor-element elementor-element-3140bcc elementor-widget elementor-widget-text-editor\" data-id=\"3140bcc\" data-element_type=\"widget\" data-e-type=\"widget\" data-widget_type=\"text-editor.default\">\n\t\t\t\t<div class=\"elementor-widget-container\">\n\t\t\t\t\t\t\t\t\t<p>***********************************************************<\/p>\n\t\t\t\t\t\t\t\t<\/div>\n\t\t\t\t<\/div>\n\t\t\t\t<div class=\"elementor-element elementor-element-f3a9869 elementor-widget elementor-widget-text-editor\" data-id=\"f3a9869\" data-element_type=\"widget\" data-e-type=\"widget\" data-widget_type=\"text-editor.default\">\n\t\t\t\t<div class=\"elementor-widget-container\">\n\t\t\t\t\t\t\t\t\t<ul>\n<li><strong>\u00bfLa indulgencia plenaria sustituye a la confesi\u00f3n?<\/strong><\/li>\n<\/ul>\t\t\t\t\t\t\t\t<\/div>\n\t\t\t\t<\/div>\n\t\t\t\t<div class=\"elementor-element elementor-element-2415003 elementor-widget elementor-widget-text-editor\" data-id=\"2415003\" data-element_type=\"widget\" data-e-type=\"widget\" data-widget_type=\"text-editor.default\">\n\t\t\t\t<div class=\"elementor-widget-container\">\n\t\t\t\t\t\t\t\t\t<p>Corresponde a la Penitenciar\u00eda Apost\u00f3lica, tribunal supremo de la Iglesia cat\u00f3lica, \u00f3rgano de la Curia romana, determinar las condiciones para obtener la indulgencia plenaria. En su nota del 13 de mayo, se\u00f1ala que la indulgencia plenaria se concede a los <strong><em>\u00abfieles verdaderamente arrepentidos<\/em><\/strong> que se hayan <strong><em>\u00abdurante el A\u00f1o Santo, purificados por el sacramento de la penitencia\u00bb.<\/em><\/strong> La indulgencia es, por tanto, la remisi\u00f3n de los pecados ya perdonados en el marco del sacramento de la reconciliaci\u00f3n. <\/p>\n\t\t\t\t\t\t\t\t<\/div>\n\t\t\t\t<\/div>\n\t\t\t\t<div class=\"elementor-element elementor-element-61bdb4f elementor-widget elementor-widget-text-editor\" data-id=\"61bdb4f\" data-element_type=\"widget\" data-e-type=\"widget\" data-widget_type=\"text-editor.default\">\n\t\t\t\t<div class=\"elementor-widget-container\">\n\t\t\t\t\t\t\t\t\t<p>***********************************************************<\/p>\n\t\t\t\t\t\t\t\t<\/div>\n\t\t\t\t<\/div>\n\t\t\t\t<div class=\"elementor-element elementor-element-4a12bbd elementor-widget elementor-widget-text-editor\" data-id=\"4a12bbd\" data-element_type=\"widget\" data-e-type=\"widget\" data-widget_type=\"text-editor.default\">\n\t\t\t\t<div class=\"elementor-widget-container\">\n\t\t\t\t\t\t\t\t\t<ul>\n<li><strong>\u00bfSe puede recibir la indulgencia plenaria m\u00e1s de una vez?<\/strong><\/li>\n<\/ul>\t\t\t\t\t\t\t\t<\/div>\n\t\t\t\t<\/div>\n\t\t\t\t<div class=\"elementor-element elementor-element-c8d6eb8 elementor-widget elementor-widget-text-editor\" data-id=\"c8d6eb8\" data-element_type=\"widget\" data-e-type=\"widget\" data-widget_type=\"text-editor.default\">\n\t\t\t\t<div class=\"elementor-widget-container\">\n\t\t\t\t\t\t\t\t\t<p>El Vaticano indica que la indulgencia plenaria puede, bajo ciertas condiciones, recibirse \u00abdiariamente\u00bb: <strong><em>\u00abCumpliendo las condiciones espirituales, sacramentales y de oraci\u00f3n, los fieles podr\u00e1n ciertamente, reproducir tales visitas durante el A\u00f1o Santo y recibir as\u00ed cada vez, e incluso diariamente, la Indulgencia Plenaria.\u00bb<\/em><\/strong><\/p>\n<p><\/p>\n<p>Las indulgencias plenarias son a veces dif\u00edciles de entender. Herencia de la larga y a veces tumultuosa historia del catolicismo (en el siglo XVI se produjo la \u00abQuerella de las Indulgencias\u00bb), pueden dar la impresi\u00f3n de algo m\u00e1gico. Como si el perd\u00f3n de Dios se concediera autom\u00e1ticamente, seg\u00fan una serie de instrucciones.  <\/p>\n<p><\/p>\n<p>La propuesta de la Iglesia puede considerarse una pedagog\u00eda. Conceder una indulgencia plenaria es una invitaci\u00f3n a emprender un viaje espiritual, guiado por el deseo de acercarse a Dios. Todos los gestos y ritos propuestos por la Iglesia cat\u00f3lica para obtener la indulgencia plenaria, como ayudar a los m\u00e1s vulnerables, fomentan la apertura a los dem\u00e1s y una disposici\u00f3n especial para experimentar el amor de Dios.  <\/p>\t\t\t\t\t\t\t\t<\/div>\n\t\t\t\t<\/div>\n\t\t\t\t<div class=\"elementor-element elementor-element-0524d3e elementor-widget elementor-widget-text-editor\" data-id=\"0524d3e\" data-element_type=\"widget\" data-e-type=\"widget\" data-widget_type=\"text-editor.default\">\n\t\t\t\t<div class=\"elementor-widget-container\">\n\t\t\t\t\t\t\t\t\t<p>***********************************************************<\/p>\n\t\t\t\t\t\t\t\t<\/div>\n\t\t\t\t<\/div>\n\t\t\t\t<div class=\"elementor-element elementor-element-9491a4c elementor-widget elementor-widget-text-editor\" data-id=\"9491a4c\" data-element_type=\"widget\" data-e-type=\"widget\" data-widget_type=\"text-editor.default\">\n\t\t\t\t<div class=\"elementor-widget-container\">\n\t\t\t\t\t\t\t\t\t<ul>\n<li><strong>\u00bfC\u00f3mo puedo obtener la indulgencia plenaria?<\/strong><\/li>\n<\/ul>\t\t\t\t\t\t\t\t<\/div>\n\t\t\t\t<\/div>\n\t\t\t\t<div class=\"elementor-element elementor-element-8625cd5 elementor-widget elementor-widget-text-editor\" data-id=\"8625cd5\" data-element_type=\"widget\" data-e-type=\"widget\" data-widget_type=\"text-editor.default\">\n\t\t\t\t<div class=\"elementor-widget-container\">\n\t\t\t\t\t\t\t\t\t<p>Adem\u00e1s de confesarse, los fieles que deseen obtener la indulgencia plenaria tendr\u00e1n que dar otros pasos: practicar los sacramentos, ir a Misa, comulgar, peregrinar, realizar lo que la Iglesia cat\u00f3lica llama \u00abobras de misericordia\u00bb y recibir formaci\u00f3n.<\/p>\n<p><\/p>\t\t\t\t\t\t\t\t<\/div>\n\t\t\t\t<\/div>\n\t\t\t\t<div class=\"elementor-element elementor-element-0d36e3d elementor-widget elementor-widget-text-editor\" data-id=\"0d36e3d\" data-element_type=\"widget\" data-e-type=\"widget\" data-widget_type=\"text-editor.default\">\n\t\t\t\t<div class=\"elementor-widget-container\">\n\t\t\t\t\t\t\t\t\t<p>***********************************************************<\/p>\n\t\t\t\t\t\t\t\t<\/div>\n\t\t\t\t<\/div>\n\t\t\t\t<div class=\"elementor-element elementor-element-7f6b7ee elementor-widget elementor-widget-image\" data-id=\"7f6b7ee\" data-element_type=\"widget\" data-e-type=\"widget\" data-widget_type=\"image.default\">\n\t\t\t\t<div class=\"elementor-widget-container\">\n\t\t\t\t\t\t\t\t\t\t\t\t\t\t\t<img decoding=\"async\" width=\"750\" height=\"422\" src=\"https:\/\/www.chapelle-sainte-rita.com\/wp-content\/uploads\/2025\/01\/cq5dam.thumbnail.cropped.750.422.png\" class=\"attachment-large size-large wp-image-10239\" alt=\"\" srcset=\"https:\/\/www.chapelle-sainte-rita.com\/wp-content\/uploads\/2025\/01\/cq5dam.thumbnail.cropped.750.422.png 750w, https:\/\/www.chapelle-sainte-rita.com\/wp-content\/uploads\/2025\/01\/cq5dam.thumbnail.cropped.750.422-300x169.png 300w\" sizes=\"(max-width: 750px) 100vw, 750px\" \/>\t\t\t\t\t\t\t\t\t\t\t\t\t\t\t<\/div>\n\t\t\t\t<\/div>\n\t\t\t\t<div class=\"elementor-element elementor-element-3598875 elementor-widget elementor-widget-text-editor\" data-id=\"3598875\" data-element_type=\"widget\" data-e-type=\"widget\" data-widget_type=\"text-editor.default\">\n\t\t\t\t<div class=\"elementor-widget-container\">\n\t\t\t\t\t\t\t\t\t<ul>\n<li><strong>Lugares de peregrinaci\u00f3n del Jubileo<\/strong><\/li>\n<\/ul>\t\t\t\t\t\t\t\t<\/div>\n\t\t\t\t<\/div>\n\t\t\t\t<div class=\"elementor-element elementor-element-f4cd50b elementor-widget elementor-widget-text-editor\" data-id=\"f4cd50b\" data-element_type=\"widget\" data-e-type=\"widget\" data-widget_type=\"text-editor.default\">\n\t\t\t\t<div class=\"elementor-widget-container\">\n\t\t\t\t\t\t\t\t\t<p>En su bula de inducci\u00f3n, el Papa Francisco insiste en la noci\u00f3n de peregrinaci\u00f3n. De hecho, el tema del Jubileo 2025 es \u00abPeregrinos de esperanza\u00bb. Seg\u00fan la Penitenciar\u00eda Apost\u00f3lica <strong><em>\u00abse concede indulgencia plenaria si los fieles peregrinan a cualquier lugar relacionado con el Jubileo\u00bb.<\/em><\/strong>  <\/p>\n<p><\/p>\n<p>Los lugares de peregrinaci\u00f3n son las cuatro bas\u00edlicas papales de Roma (San Pedro en el Vaticano, San Juan de Letr\u00e1n, Santa Mar\u00eda la Mayor y San Pablo Extramuros). Se espera que cerca de 40 millones de fieles las visiten en 2025. <\/p>\n<p><\/p>\n<p>Otros lugares vinculados al Jubileo son las tres bas\u00edlicas de Tierra Santa: la Bas\u00edlica del Santo Sepulcro de Jerusal\u00e9n, la Bas\u00edlica de la Natividad de Bel\u00e9n y la Bas\u00edlica de la Anunciaci\u00f3n de Nazaret. Fuera de Roma y Tierra Santa, los santuarios marianos y las catedrales son tambi\u00e9n lugares de peregrinaci\u00f3n asociados al Jubileo. As\u00ed como una serie de lugares determinados por las Conferencias Episcopales de cada pa\u00eds.  <\/p>\t\t\t\t\t\t\t\t<\/div>\n\t\t\t\t<\/div>\n\t\t\t\t<div class=\"elementor-element elementor-element-3e633f8 elementor-widget elementor-widget-text-editor\" data-id=\"3e633f8\" data-element_type=\"widget\" data-e-type=\"widget\" data-widget_type=\"text-editor.default\">\n\t\t\t\t<div class=\"elementor-widget-container\">\n\t\t\t\t\t\t\t\t\t<p>***********************************************************<\/p>\n\t\t\t\t\t\t\t\t<\/div>\n\t\t\t\t<\/div>\n\t\t\t\t<div class=\"elementor-element elementor-element-748077d elementor-widget elementor-widget-text-editor\" data-id=\"748077d\" data-element_type=\"widget\" data-e-type=\"widget\" data-widget_type=\"text-editor.default\">\n\t\t\t\t<div class=\"elementor-widget-container\">\n\t\t\t\t\t\t\t\t\t<ul>\n<li><strong>\u00bfQu\u00e9 es una obra de misericordia?<\/strong><\/li>\n<\/ul>\t\t\t\t\t\t\t\t<\/div>\n\t\t\t\t<\/div>\n\t\t\t\t<div class=\"elementor-element elementor-element-c51d713 elementor-widget elementor-widget-text-editor\" data-id=\"c51d713\" data-element_type=\"widget\" data-e-type=\"widget\" data-widget_type=\"text-editor.default\">\n\t\t\t\t<div class=\"elementor-widget-container\">\n\t\t\t\t\t\t\t\t\t<p>La Iglesia cat\u00f3lica utiliza el t\u00e9rmino \u00abobras de misericordia\u00bb para describir la atenci\u00f3n y la ayuda prestadas a los dem\u00e1s. \u00abLos fieles podr\u00e1n beneficiarse de la indulgencia jubilar visitando, durante un tiempo suficiente, a personas en dificultad (enfermos, presos, ancianos aislados, discapacitados, etc.), peregrinando as\u00ed a Cristo presente en ellos\u00bb. <\/p>\n\t\t\t\t\t\t\t\t<\/div>\n\t\t\t\t<\/div>\n\t\t\t\t<div class=\"elementor-element elementor-element-28e9ad3 elementor-widget elementor-widget-text-editor\" data-id=\"28e9ad3\" data-element_type=\"widget\" data-e-type=\"widget\" data-widget_type=\"text-editor.default\">\n\t\t\t\t<div class=\"elementor-widget-container\">\n\t\t\t\t\t\t\t\t\t<p>***********************************************************<\/p>\n\t\t\t\t\t\t\t\t<\/div>\n\t\t\t\t<\/div>\n\t\t\t\t<div class=\"elementor-element elementor-element-a994bcd elementor-widget elementor-widget-text-editor\" data-id=\"a994bcd\" data-element_type=\"widget\" data-e-type=\"widget\" data-widget_type=\"text-editor.default\">\n\t\t\t\t<div class=\"elementor-widget-container\">\n\t\t\t\t\t\t\t\t\t<ul>\n<li><strong>Educaci\u00f3n: lectura de textos de la Iglesia Cat\u00f3lica<\/strong><\/li>\n<\/ul>\t\t\t\t\t\t\t\t<\/div>\n\t\t\t\t<\/div>\n\t\t\t\t<div class=\"elementor-element elementor-element-ebf2366 elementor-widget elementor-widget-text-editor\" data-id=\"ebf2366\" data-element_type=\"widget\" data-e-type=\"widget\" data-widget_type=\"text-editor.default\">\n\t\t\t\t<div class=\"elementor-widget-container\">\n\t\t\t\t\t\t\t\t\t<p>El a\u00f1o 2025 tambi\u00e9n estar\u00e1 marcado por el 60 aniversario del final del Concilio Vaticano II, que concluy\u00f3 el 8 de diciembre de 1965. En su nota, la Penitenciar\u00eda Apost\u00f3lica anima a los fieles que deseen obtener la indulgencia plenaria a estudiar especialmente los textos del Concilio. <\/p>\n<p><\/p>\n<p> <\/p>\t\t\t\t\t\t\t\t<\/div>\n\t\t\t\t<\/div>\n\t\t\t\t\t<\/div>\n\t\t\t\t<\/div>\n\t\t<div class=\"elementor-element elementor-element-1996d99 e-flex e-con-boxed e-con e-parent\" data-id=\"1996d99\" data-element_type=\"container\" data-e-type=\"container\">\n\t\t\t\t\t<div class=\"e-con-inner\">\n\t\t\t\t<div class=\"elementor-element elementor-element-de0cebf elementor-widget__width-initial elementor-widget elementor-widget-image\" data-id=\"de0cebf\" data-element_type=\"widget\" data-e-type=\"widget\" data-widget_type=\"image.default\">\n\t\t\t\t<div class=\"elementor-widget-container\">\n\t\t\t\t\t\t\t\t\t\t\t\t\t\t\t<img decoding=\"async\" src=\"https:\/\/www.chapelle-sainte-rita.com\/wp-content\/uploads\/2025\/01\/concilio_vaticano-1.jpg\" title=\"\" alt=\"\" loading=\"lazy\" \/>\t\t\t\t\t\t\t\t\t\t\t\t\t\t\t<\/div>\n\t\t\t\t<\/div>\n\t\t\t\t\t<\/div>\n\t\t\t\t<\/div>\n\t\t\t\t<\/div>\n\t\t","protected":false},"excerpt":{"rendered":"<p>El sentido espiritual de la indulgencia La indulgencia es una manifestaci\u00f3n concreta de la misericordia de Dios, que supera los l\u00edmites de la justicia humana y los transforma. Una indulgencia revela la forma de actuar de Dios: reordena toda la historia, toda nuestra historia, seg\u00fan su amor. En franc\u00e9s, la palabra \u00bb indulgencia \u00bb conlleva [&hellip;]<\/p>\n","protected":false},"author":1,"featured_media":0,"parent":0,"menu_order":0,"comment_status":"closed","ping_status":"closed","template":"","meta":{"footnotes":""},"class_list":["post-11601","page","type-page","status-publish","hentry"],"_links":{"self":[{"href":"https:\/\/www.chapelle-sainte-rita.com\/es\/wp-json\/wp\/v2\/pages\/11601","targetHints":{"allow":["GET"]}}],"collection":[{"href":"https:\/\/www.chapelle-sainte-rita.com\/es\/wp-json\/wp\/v2\/pages"}],"about":[{"href":"https:\/\/www.chapelle-sainte-rita.com\/es\/wp-json\/wp\/v2\/types\/page"}],"author":[{"embeddable":true,"href":"https:\/\/www.chapelle-sainte-rita.com\/es\/wp-json\/wp\/v2\/users\/1"}],"replies":[{"embeddable":true,"href":"https:\/\/www.chapelle-sainte-rita.com\/es\/wp-json\/wp\/v2\/comments?post=11601"}],"version-history":[{"count":1,"href":"https:\/\/www.chapelle-sainte-rita.com\/es\/wp-json\/wp\/v2\/pages\/11601\/revisions"}],"predecessor-version":[{"id":11603,"href":"https:\/\/www.chapelle-sainte-rita.com\/es\/wp-json\/wp\/v2\/pages\/11601\/revisions\/11603"}],"wp:attachment":[{"href":"https:\/\/www.chapelle-sainte-rita.com\/es\/wp-json\/wp\/v2\/media?parent=11601"}],"curies":[{"name":"wp","href":"https:\/\/api.w.org\/{rel}","templated":true}]}}