{"id":11612,"date":"2025-01-17T22:33:40","date_gmt":"2025-01-17T21:33:40","guid":{"rendered":"https:\/\/www.chapelle-sainte-rita.com\/el-ano-jubilar-sus-caracteristicas\/"},"modified":"2025-03-13T11:36:47","modified_gmt":"2025-03-13T10:36:47","slug":"el-ano-jubilar-sus-caracteristicas","status":"publish","type":"page","link":"https:\/\/www.chapelle-sainte-rita.com\/es\/el-ano-jubilar-sus-caracteristicas\/","title":{"rendered":"El A\u00f1o Jubilar: sus caracter\u00edsticas"},"content":{"rendered":"\t\t<div data-elementor-type=\"wp-page\" data-elementor-id=\"11612\" class=\"elementor elementor-11612 elementor-9961\" data-elementor-post-type=\"page\">\n\t\t\t\t<div class=\"elementor-element elementor-element-127b8a5 e-flex e-con-boxed e-con e-parent\" data-id=\"127b8a5\" data-element_type=\"container\" data-e-type=\"container\">\n\t\t\t\t\t<div class=\"e-con-inner\">\n\t\t\t\t<div class=\"elementor-element elementor-element-bc6c7d4 elementor-widget elementor-widget-text-editor\" data-id=\"bc6c7d4\" data-element_type=\"widget\" data-e-type=\"widget\" data-widget_type=\"text-editor.default\">\n\t\t\t\t<div class=\"elementor-widget-container\">\n\t\t\t\t\t\t\t\t\t<p>Cada 25 a\u00f1os, la Iglesia Cat\u00f3lica invita a sus fieles a un \u00abA\u00f1o Jubilar\u00bb, tambi\u00e9n conocido como A\u00f1o Santo. Esta tradici\u00f3n se remonta al a\u00f1o 1300 y se celebra a intervalos regulares, aunque tambi\u00e9n ha habido Jubileos extraordinarios en otras \u00e9pocas para conmemorar ocasiones especiales.  <span style=\"background-color: transparent; color: var( --e-global-color-text ); font-family: var( --e-global-typography-text-font-family ), Sans-serif; font-weight: var( --e-global-typography-text-font-weight ); text-align: var(--text-align);\"> <\/span><\/p>\n\t\t\t\t\t\t\t\t<\/div>\n\t\t\t\t<\/div>\n\t\t\t\t<div class=\"elementor-element elementor-element-2495c90 elementor-widget elementor-widget-image\" data-id=\"2495c90\" data-element_type=\"widget\" data-e-type=\"widget\" data-widget_type=\"image.default\">\n\t\t\t\t<div class=\"elementor-widget-container\">\n\t\t\t\t\t\t\t\t\t\t\t\t\t\t\t<img fetchpriority=\"high\" decoding=\"async\" width=\"500\" height=\"281\" src=\"https:\/\/www.chapelle-sainte-rita.com\/wp-content\/uploads\/2025\/01\/cq5dam.thumbnail.cropped.500.281.jpeg\" class=\"attachment-large size-large wp-image-10249\" alt=\"\" srcset=\"https:\/\/www.chapelle-sainte-rita.com\/wp-content\/uploads\/2025\/01\/cq5dam.thumbnail.cropped.500.281.jpeg 500w, https:\/\/www.chapelle-sainte-rita.com\/wp-content\/uploads\/2025\/01\/cq5dam.thumbnail.cropped.500.281-300x169.jpeg 300w\" sizes=\"(max-width: 500px) 100vw, 500px\" \/>\t\t\t\t\t\t\t\t\t\t\t\t\t\t\t<\/div>\n\t\t\t\t<\/div>\n\t\t\t\t<div class=\"elementor-element elementor-element-a18ac67 elementor-widget elementor-widget-text-editor\" data-id=\"a18ac67\" data-element_type=\"widget\" data-e-type=\"widget\" data-widget_type=\"text-editor.default\">\n\t\t\t\t<div class=\"elementor-widget-container\">\n\t\t\t\t\t\t\t\t\t<p><strong>El A\u00f1o Jubilar y sus caracter\u00edsticas :<\/strong><\/p>\n<p><\/p>\t\t\t\t\t\t\t\t<\/div>\n\t\t\t\t<\/div>\n\t\t\t\t<div class=\"elementor-element elementor-element-3c89e97 elementor-widget elementor-widget-text-editor\" data-id=\"3c89e97\" data-element_type=\"widget\" data-e-type=\"widget\" data-widget_type=\"text-editor.default\">\n\t\t\t\t<div class=\"elementor-widget-container\">\n\t\t\t\t\t\t\t\t\t<p>1- <strong>Indulgencia Plenaria <\/strong>:<\/p>\n\t\t\t\t\t\t\t\t<\/div>\n\t\t\t\t<\/div>\n\t\t\t\t<div class=\"elementor-element elementor-element-b7e1326 elementor-widget elementor-widget-text-editor\" data-id=\"b7e1326\" data-element_type=\"widget\" data-e-type=\"widget\" data-widget_type=\"text-editor.default\">\n\t\t\t\t<div class=\"elementor-widget-container\">\n\t\t\t\t\t\t\t\t\t<p>Una de las caracter\u00edsticas m\u00e1s significativas de un A\u00f1o Jubilar es la oportunidad que se ofrece a los fieles de obtener una indulgencia plenaria. Esta indulgencia es una remisi\u00f3n ante Dios de la pena temporal debida por pecados cuya culpa ya ha sido borrada por el sacramento de la reconciliaci\u00f3n. Para obtener esta indulgencia, los fieles deben realizar <strong><u>ciertas pr\u00e1cticas de devoci\u00f3n<\/u><\/strong>como visitar determinadas iglesias o realizar <strong><u>obras<\/u><\/strong> de misericordia, <strong><u>corporales o espirituales<\/u><\/strong>.  <\/p>\n\t\t\t\t\t\t\t\t<\/div>\n\t\t\t\t<\/div>\n\t\t\t\t<div class=\"elementor-element elementor-element-8d54c8e elementor-widget elementor-widget-text-editor\" data-id=\"8d54c8e\" data-element_type=\"widget\" data-e-type=\"widget\" data-widget_type=\"text-editor.default\">\n\t\t\t\t<div class=\"elementor-widget-container\">\n\t\t\t\t\t\t\t\t\t<p>La predicaci\u00f3n de Jes\u00fas en Mt 25,35-36 pinta un cuadro de estas obras de misericordia, para que podamos comprender si vivimos o no como sus disc\u00edpulos.  <\/p>\n\t\t\t\t\t\t\t\t<\/div>\n\t\t\t\t<\/div>\n\t\t\t\t<div class=\"elementor-element elementor-element-067890b elementor-widget elementor-widget-text-editor\" data-id=\"067890b\" data-element_type=\"widget\" data-e-type=\"widget\" data-widget_type=\"text-editor.default\">\n\t\t\t\t<div class=\"elementor-widget-container\">\n\t\t\t\t\t\t\t\t\t<p>Redescubre las <strong><u>obras<\/u><\/strong> de <strong><u>misericordia corporal<\/u><\/strong> :<\/p>\n<p><\/p>\n<ul class=\"wp-block-list\">\n<li style=\"list-style-type: none;\">\n<ul class=\"wp-block-list\"><\/ul>\n<\/li>\n<\/ul>\n<p> <\/p>\n<ul class=\"wp-block-list\">\n<li style=\"list-style-type: none;\">\n<ul class=\"wp-block-list\">\n<li>Alimentar a los hambrientos,  <\/li>\n<\/ul>\n<\/li>\n<\/ul>\n<p><\/p>\n<ul class=\"wp-block-list\">\n<li style=\"list-style-type: none;\">\n<ul class=\"wp-block-list\">\n<li>Da de beber al sediento,  <\/li>\n<\/ul>\n<\/li>\n<\/ul>\n<p><\/p>\n<ul class=\"wp-block-list\">\n<li style=\"list-style-type: none;\">\n<ul class=\"wp-block-list\">\n<li>Viste a los desnudos,  <\/li>\n<\/ul>\n<\/li>\n<\/ul>\n<p><\/p>\n<ul class=\"wp-block-list\">\n<li style=\"list-style-type: none;\">\n<ul class=\"wp-block-list\">\n<li>Acoger a los extranjeros,<\/li>\n<\/ul>\n<\/li>\n<\/ul>\n<p><\/p>\n<ul class=\"wp-block-list\">\n<li style=\"list-style-type: none;\">\n<ul class=\"wp-block-list\">\n<li>Asistir a los pacientes,  <\/li>\n<\/ul>\n<\/li>\n<\/ul>\n<p><\/p>\n<ul class=\"wp-block-list\">\n<li style=\"list-style-type: none;\">\n<ul class=\"wp-block-list\">\n<li>Visitar a los presos,  <\/li>\n<\/ul>\n<\/li>\n<\/ul>\n<p><\/p>\n<ul class=\"wp-block-list\">\n<li style=\"list-style-type: none;\">\n<ul class=\"wp-block-list\">\n<li>Enterrar a los muertos.  <\/li>\n<\/ul>\n<\/li>\n<\/ul>\n<p> <\/p>\n<p>Y no olvidemos los <strong><u>obras<\/u><\/strong> de <strong><u>mis<\/u><\/strong><strong><u>misericordia espiritual<\/u><\/strong> :<\/p>\n<p><\/p>\n<ul class=\"wp-block-list\">\n<li style=\"list-style-type: none;\">\n<ul class=\"wp-block-list\"><\/ul>\n<\/li>\n<\/ul>\n<p> <\/p>\n<ul class=\"wp-block-list\">\n<li style=\"list-style-type: none;\">\n<ul class=\"wp-block-list\">\n<li>Aconsejar a los que tienen dudas,  <\/li>\n<\/ul>\n<\/li>\n<\/ul>\n<p><\/p>\n<ul class=\"wp-block-list\">\n<li style=\"list-style-type: none;\">\n<ul class=\"wp-block-list\">\n<li>Ense\u00f1ar a los ignorantes,  <\/li>\n<\/ul>\n<\/li>\n<\/ul>\n<p><\/p>\n<ul class=\"wp-block-list\">\n<li style=\"list-style-type: none;\">\n<ul class=\"wp-block-list\">\n<li>Advierte a los pecadores,  <\/li>\n<\/ul>\n<\/li>\n<\/ul>\n<p><\/p>\n<ul class=\"wp-block-list\">\n<li style=\"list-style-type: none;\">\n<ul class=\"wp-block-list\">\n<li>Consolar a los afligidos,<\/li>\n<\/ul>\n<\/li>\n<\/ul>\n<p><\/p>\n<ul class=\"wp-block-list\">\n<li style=\"list-style-type: none;\">\n<ul class=\"wp-block-list\">\n<li>Perdonar las ofensas,  <\/li>\n<\/ul>\n<\/li>\n<\/ul>\n<p><\/p>\n<ul class=\"wp-block-list\">\n<li style=\"list-style-type: none;\">\n<ul class=\"wp-block-list\">\n<li>Aguanta pacientemente a las personas molestas,  <\/li>\n<\/ul>\n<\/li>\n<\/ul>\n<p><\/p>\n<ul class=\"wp-block-list\">\n<li style=\"list-style-type: none;\">\n<ul class=\"wp-block-list\">\n<li>Reza a Dios por los vivos y los muertos.  <\/li>\n<\/ul>\n<\/li>\n<\/ul>\t\t\t\t\t\t\t\t<\/div>\n\t\t\t\t<\/div>\n\t\t\t\t<div class=\"elementor-element elementor-element-eceb147 elementor-widget elementor-widget-text-editor\" data-id=\"eceb147\" data-element_type=\"widget\" data-e-type=\"widget\" data-widget_type=\"text-editor.default\">\n\t\t\t\t<div class=\"elementor-widget-container\">\n\t\t\t\t\t\t\t\t\t<p><b>No podemos  <\/b><b>\u00bfHabremos dado de comer al hambriento y de beber al sediento? \u00bfHabremos acogido al forastero y vestido al desnudo? \u00bfNos habremos tomado el tiempo de estar con los enfermos y los encarcelados?  <\/b><i>  (Cf. Mt 25, 31-45).  <\/i><\/p>\n<ol class=\"wp-block-list\">\n<li style=\"list-style-type: none;\"> <\/li>\n<\/ol>\n<p><b><i>Del mismo modo, se nos preguntar\u00e1 si hemos contribuido a superar las dudas que engendran miedo y, a menudo, soledad; si hemos sido capaces de superar la ignorancia en la que viven millones de personas, especialmente ni\u00f1os privados de la ayuda necesaria para salir de la pobreza; si nos hemos hecho cercanos a los que est\u00e1n solos y afligidos; si hemos perdonado a quienes nos ofenden, si hemos rechazado toda forma de rencor y de odio que conduce a la violencia, si hemos sido pacientes a imagen de Dios, que es tan paciente con nosotros; si, finalmente, hemos confiado al Se\u00f1or en la oraci\u00f3n a nuestros hermanos y hermanas. Es en cada uno de estos \u00abm\u00e1s peque\u00f1os\u00bb donde Cristo est\u00e1 presente. Su carne vuelve a hacerse visible como un cuerpo torturado, herido, flagelado, hambriento, perdido&#8230; para ser reconocido por nosotros, tocado y cuidado. No olvidemos las palabras de San Juan de la Cruz: \u00abEn la tarde de nuestra vida, seremos juzgados por el amor\u00bb.   <\/i><\/b>  (Papa Francisco, \u00abMisericordiae Vultus\u00bb, \u00a7 15)<\/p>\n\t\t\t\t\t\t\t\t<\/div>\n\t\t\t\t<\/div>\n\t\t\t\t<div class=\"elementor-element elementor-element-3a9c9ab elementor-widget elementor-widget-text-editor\" data-id=\"3a9c9ab\" data-element_type=\"widget\" data-e-type=\"widget\" data-widget_type=\"text-editor.default\">\n\t\t\t\t<div class=\"elementor-widget-container\">\n\t\t\t\t\t\t\t\t\t<p>2- <strong>Apertura de la Puerta Santa <\/strong>:<\/p>\n\t\t\t\t\t\t\t\t<\/div>\n\t\t\t\t<\/div>\n\t\t\t\t\t<\/div>\n\t\t\t\t<\/div>\n\t\t<div class=\"elementor-element elementor-element-9de0339 e-flex e-con-boxed e-con e-parent\" data-id=\"9de0339\" data-element_type=\"container\" data-e-type=\"container\">\n\t\t\t\t\t<div class=\"e-con-inner\">\n\t\t\t\t<div class=\"elementor-element elementor-element-2e5c269 elementor-widget elementor-widget-text-editor\" data-id=\"2e5c269\" data-element_type=\"widget\" data-e-type=\"widget\" data-widget_type=\"text-editor.default\">\n\t\t\t\t<div class=\"elementor-widget-container\">\n\t\t\t\t\t\t\t\t\t<p>En Roma, el inicio del A\u00f1o Jubilar est\u00e1 marcado por la apertura de la Puerta Santa de la Bas\u00edlica de San Pedro por parte del Papa. Esta puerta suele estar sellada y s\u00f3lo se abre durante los A\u00f1os Jubilares. <strong>Cruzar la Puerta Santa simboliza el arrepentimiento y el paso a una vida nueva y m\u00e1s santa<\/strong>. <\/p>\n\t\t\t\t\t\t\t\t<\/div>\n\t\t\t\t<\/div>\n\t\t\t\t\t<\/div>\n\t\t\t\t<\/div>\n\t\t<div class=\"elementor-element elementor-element-5041ce78 e-flex e-con-boxed e-con e-parent\" data-id=\"5041ce78\" data-element_type=\"container\" data-e-type=\"container\">\n\t\t\t\t\t<div class=\"e-con-inner\">\n\t\t\t\t<div class=\"elementor-element elementor-element-e13cb64 elementor-widget elementor-widget-text-editor\" data-id=\"e13cb64\" data-element_type=\"widget\" data-e-type=\"widget\" data-widget_type=\"text-editor.default\">\n\t\t\t\t<div class=\"elementor-widget-container\">\n\t\t\t\t\t\t\t\t\t<p><strong>3- Llamada a la conversi\u00f3n y a la reconciliaci\u00f3n :<\/strong><\/p>\n\t\t\t\t\t\t\t\t<\/div>\n\t\t\t\t<\/div>\n\t\t\t\t<div class=\"elementor-element elementor-element-38fddd5 elementor-widget elementor-widget-text-editor\" data-id=\"38fddd5\" data-element_type=\"widget\" data-e-type=\"widget\" data-widget_type=\"text-editor.default\">\n\t\t\t\t<div class=\"elementor-widget-container\">\n\t\t\t\t\t\t\t\t\t<p>  El Jubileo es un tiempo en el que la Iglesia hace especial hincapi\u00e9 en la <strong>conversi\u00f3n<\/strong>, la <strong>reconciliaci\u00f3n<\/strong> y la <strong>penitencia<\/strong>. Es un tiempo para reflexionar sobre <strong>la misericordia de Dios<\/strong> y <strong>tratar de acercarse a \u00c9l<\/strong>. <\/p>\n\t\t\t\t\t\t\t\t<\/div>\n\t\t\t\t<\/div>\n\t\t\t\t<div class=\"elementor-element elementor-element-b1bbc9d elementor-widget__width-initial elementor-widget elementor-widget-image\" data-id=\"b1bbc9d\" data-element_type=\"widget\" data-e-type=\"widget\" data-widget_type=\"image.default\">\n\t\t\t\t<div class=\"elementor-widget-container\">\n\t\t\t\t\t\t\t\t\t\t\t\t\t\t\t<img decoding=\"async\" width=\"760\" height=\"507\" src=\"https:\/\/www.chapelle-sainte-rita.com\/wp-content\/uploads\/2025\/01\/shutterstock_1453604594_1711004281.webp\" class=\"attachment-large size-large wp-image-10210\" alt=\"\" srcset=\"https:\/\/www.chapelle-sainte-rita.com\/wp-content\/uploads\/2025\/01\/shutterstock_1453604594_1711004281.webp 760w, https:\/\/www.chapelle-sainte-rita.com\/wp-content\/uploads\/2025\/01\/shutterstock_1453604594_1711004281-300x200.webp 300w\" sizes=\"(max-width: 760px) 100vw, 760px\" \/>\t\t\t\t\t\t\t\t\t\t\t\t\t\t\t<\/div>\n\t\t\t\t<\/div>\n\t\t\t\t<div class=\"elementor-element elementor-element-361ae90 elementor-widget elementor-widget-text-editor\" data-id=\"361ae90\" data-element_type=\"widget\" data-e-type=\"widget\" data-widget_type=\"text-editor.default\">\n\t\t\t\t<div class=\"elementor-widget-container\">\n\t\t\t\t\t\t\t\t\t<p>4- <strong>Peregrinaci\u00f3n <\/strong>:<\/p>\n\t\t\t\t\t\t\t\t<\/div>\n\t\t\t\t<\/div>\n\t\t\t\t<div class=\"elementor-element elementor-element-af8463a elementor-widget elementor-widget-text-editor\" data-id=\"af8463a\" data-element_type=\"widget\" data-e-type=\"widget\" data-widget_type=\"text-editor.default\">\n\t\t\t\t<div class=\"elementor-widget-container\">\n\t\t\t\t\t\t\t\t\t<p>Tradicionalmente, el A\u00f1o Jubilar es un tiempo en el que se anima a los fieles a emprender una <strong>peregrinaci\u00f3n<\/strong>, en particular a Roma, para vivir una profunda experiencia espiritual. Es <strong>un tiempo para la oraci\u00f3n, la meditaci\u00f3n y la renovaci\u00f3n espiritual<\/strong>.<\/p>\n\t\t\t\t\t\t\t\t<\/div>\n\t\t\t\t<\/div>\n\t\t\t\t<div class=\"elementor-element elementor-element-79d1b2d elementor-widget elementor-widget-text-editor\" data-id=\"79d1b2d\" data-element_type=\"widget\" data-e-type=\"widget\" data-widget_type=\"text-editor.default\">\n\t\t\t\t<div class=\"elementor-widget-container\">\n\t\t\t\t\t\t\t\t\t<p>5- <strong>Temas espec\u00edficos <\/strong>:<\/p>\n\t\t\t\t\t\t\t\t<\/div>\n\t\t\t\t<\/div>\n\t\t\t\t<div class=\"elementor-element elementor-element-909869c elementor-widget elementor-widget-text-editor\" data-id=\"909869c\" data-element_type=\"widget\" data-e-type=\"widget\" data-widget_type=\"text-editor.default\">\n\t\t\t\t<div class=\"elementor-widget-container\">\n\t\t\t\t\t\t\t\t\t<p>Cada A\u00f1o Jubilar puede tener un tema espec\u00edfico, definido por el Papa, que gu\u00eda las reflexiones y actividades del a\u00f1o. Por ejemplo, para el A\u00f1o Jubilar 2025, el tema es <strong><em>\u00abPeregrinos de la Esperanza\u00bb.<\/em><\/strong> <\/p>\n\t\t\t\t\t\t\t\t<\/div>\n\t\t\t\t<\/div>\n\t\t\t\t<div class=\"elementor-element elementor-element-17e48d3 elementor-widget elementor-widget-image\" data-id=\"17e48d3\" data-element_type=\"widget\" data-e-type=\"widget\" data-widget_type=\"image.default\">\n\t\t\t\t<div class=\"elementor-widget-container\">\n\t\t\t\t\t\t\t\t\t\t\t\t\t\t\t<img decoding=\"async\" width=\"800\" height=\"450\" src=\"https:\/\/www.chapelle-sainte-rita.com\/wp-content\/uploads\/2025\/01\/cq5dam.thumbnail.cropped.1500.844-1024x576.jpeg\" class=\"attachment-large size-large wp-image-10196\" alt=\"\" srcset=\"https:\/\/www.chapelle-sainte-rita.com\/wp-content\/uploads\/2025\/01\/cq5dam.thumbnail.cropped.1500.844-1024x576.jpeg 1024w, https:\/\/www.chapelle-sainte-rita.com\/wp-content\/uploads\/2025\/01\/cq5dam.thumbnail.cropped.1500.844-300x169.jpeg 300w, https:\/\/www.chapelle-sainte-rita.com\/wp-content\/uploads\/2025\/01\/cq5dam.thumbnail.cropped.1500.844-768x432.jpeg 768w, https:\/\/www.chapelle-sainte-rita.com\/wp-content\/uploads\/2025\/01\/cq5dam.thumbnail.cropped.1500.844.jpeg 1500w\" sizes=\"(max-width: 800px) 100vw, 800px\" \/>\t\t\t\t\t\t\t\t\t\t\t\t\t\t\t<\/div>\n\t\t\t\t<\/div>\n\t\t\t\t<div class=\"elementor-element elementor-element-5f6ad61e elementor-widget elementor-widget-text-editor\" data-id=\"5f6ad61e\" data-element_type=\"widget\" data-e-type=\"widget\" data-widget_type=\"text-editor.default\">\n\t\t\t\t<div class=\"elementor-widget-container\">\n\t\t\t\t\t\t\t\t\t<p><strong>El A\u00f1o Jubilar a lo largo del tiempo<\/strong><\/p>\n<p>A lo largo de los siglos, el A\u00f1o Jubilar ha evolucionado, influyendo en diversos aspectos de la sociedad. Los jubileos m\u00e1s importantes han dejado una huella duradera, convirti\u00e9ndose en momentos clave de transformaci\u00f3n y renacimiento espiritual y social. Estas celebraciones han dado forma a la historia, marcando la evoluci\u00f3n de la fe y las pr\u00e1cticas religiosas a trav\u00e9s de los tiempos.  <\/p>\n<p>Hoy en d\u00eda, el A\u00f1o Jubilar sigue siendo un tiempo para la reflexi\u00f3n profunda. Invita a la contemplaci\u00f3n, a la reconciliaci\u00f3n y a la renovaci\u00f3n, ofreciendo un bienvenido descanso del agitado ritmo de la vida moderna. <\/p>\n\t\t\t\t\t\t\t\t<\/div>\n\t\t\t\t<\/div>\n\t\t\t\t\t<\/div>\n\t\t\t\t<\/div>\n\t\t<div class=\"elementor-element elementor-element-ee4653f e-flex e-con-boxed e-con e-parent\" data-id=\"ee4653f\" data-element_type=\"container\" data-e-type=\"container\">\n\t\t\t\t\t<div class=\"e-con-inner\">\n\t\t\t\t<div class=\"elementor-element elementor-element-b183bc5 elementor-widget elementor-widget-text-editor\" data-id=\"b183bc5\" data-element_type=\"widget\" data-e-type=\"widget\" data-widget_type=\"text-editor.default\">\n\t\t\t\t<div class=\"elementor-widget-container\">\n\t\t\t\t\t\t\t\t\t<p>Ref. \/ Rutas de la Biblia : <\/p>\n<figure class=\"wp-block-embed\">\n<div class=\"wp-block-embed__wrapper\">https:\/\/www.routesbibliques.fr\/actualites\/histoire-annee-jubilaire-rome<\/div>\n<\/figure>\n\t\t\t\t\t\t\t\t<\/div>\n\t\t\t\t<\/div>\n\t\t\t\t\t<\/div>\n\t\t\t\t<\/div>\n\t\t<div class=\"elementor-element elementor-element-04df9f8 e-flex e-con-boxed e-con e-parent\" data-id=\"04df9f8\" data-element_type=\"container\" data-e-type=\"container\">\n\t\t\t\t\t<div class=\"e-con-inner\">\n\t\t\t\t\t<\/div>\n\t\t\t\t<\/div>\n\t\t\t\t<\/div>\n\t\t","protected":false},"excerpt":{"rendered":"<p>Cada 25 a\u00f1os, la Iglesia Cat\u00f3lica invita a sus fieles a un \u00abA\u00f1o Jubilar\u00bb, tambi\u00e9n conocido como A\u00f1o Santo. Esta tradici\u00f3n se remonta al a\u00f1o 1300 y se celebra a intervalos regulares, aunque tambi\u00e9n ha habido Jubileos extraordinarios en otras \u00e9pocas para conmemorar ocasiones especiales. El A\u00f1o Jubilar y sus caracter\u00edsticas : 1- Indulgencia Plenaria [&hellip;]<\/p>\n","protected":false},"author":1,"featured_media":0,"parent":0,"menu_order":0,"comment_status":"closed","ping_status":"closed","template":"","meta":{"footnotes":""},"class_list":["post-11612","page","type-page","status-publish","hentry"],"_links":{"self":[{"href":"https:\/\/www.chapelle-sainte-rita.com\/es\/wp-json\/wp\/v2\/pages\/11612","targetHints":{"allow":["GET"]}}],"collection":[{"href":"https:\/\/www.chapelle-sainte-rita.com\/es\/wp-json\/wp\/v2\/pages"}],"about":[{"href":"https:\/\/www.chapelle-sainte-rita.com\/es\/wp-json\/wp\/v2\/types\/page"}],"author":[{"embeddable":true,"href":"https:\/\/www.chapelle-sainte-rita.com\/es\/wp-json\/wp\/v2\/users\/1"}],"replies":[{"embeddable":true,"href":"https:\/\/www.chapelle-sainte-rita.com\/es\/wp-json\/wp\/v2\/comments?post=11612"}],"version-history":[{"count":1,"href":"https:\/\/www.chapelle-sainte-rita.com\/es\/wp-json\/wp\/v2\/pages\/11612\/revisions"}],"predecessor-version":[{"id":11614,"href":"https:\/\/www.chapelle-sainte-rita.com\/es\/wp-json\/wp\/v2\/pages\/11612\/revisions\/11614"}],"wp:attachment":[{"href":"https:\/\/www.chapelle-sainte-rita.com\/es\/wp-json\/wp\/v2\/media?parent=11612"}],"curies":[{"name":"wp","href":"https:\/\/api.w.org\/{rel}","templated":true}]}}