{"id":6478,"date":"2024-08-19T16:58:16","date_gmt":"2024-08-19T14:58:16","guid":{"rendered":"https:\/\/www.chapelle-sainte-rita.com\/menciona\/"},"modified":"2024-12-09T10:26:52","modified_gmt":"2024-12-09T09:26:52","slug":"menciona","status":"publish","type":"page","link":"https:\/\/www.chapelle-sainte-rita.com\/es\/menciona\/","title":{"rendered":"Menciona"},"content":{"rendered":"\t\t<div data-elementor-type=\"wp-page\" data-elementor-id=\"6478\" class=\"elementor elementor-6478 elementor-3986\" data-elementor-post-type=\"page\">\n\t\t\t\t<div class=\"elementor-element elementor-element-0cd82c6 e-flex e-con-boxed e-con e-parent\" data-id=\"0cd82c6\" data-element_type=\"container\" data-e-type=\"container\">\n\t\t\t\t\t<div class=\"e-con-inner\">\n\t\t\t\t<div class=\"elementor-element elementor-element-4940aca elementor-widget elementor-widget-heading\" data-id=\"4940aca\" data-element_type=\"widget\" data-e-type=\"widget\" data-widget_type=\"heading.default\">\n\t\t\t\t<div class=\"elementor-widget-container\">\n\t\t\t\t\t<h2 class=\"elementor-heading-title elementor-size-default\">1. Presentaci\u00f3n del sitio<\/h2>\t\t\t\t<\/div>\n\t\t\t\t<\/div>\n\t\t\t\t<div class=\"elementor-element elementor-element-77c1746 elementor-widget elementor-widget-text-editor\" data-id=\"77c1746\" data-element_type=\"widget\" data-e-type=\"widget\" data-widget_type=\"text-editor.default\">\n\t\t\t\t<div class=\"elementor-widget-container\">\n\t\t\t\t\t\t\t\t\t<p>En aplicaci\u00f3n del art\u00edculo 6 de la Ley n\u00ba 2004-575, de 21 de junio de 2004, sobre la confianza en la econom\u00eda digital, se informa a los usuarios del sitio web chapelle sainte rita de la identidad de las distintas partes implicadas en su creaci\u00f3n y seguimiento:<\/p>\n<p>[O .M.V.]E<strong>ditor del sitio web<\/strong>: El sitio web de la capilla Sainte Rita es propiedad de los Oblatos de la Virgen Mar\u00eda .<\/p>\n<p><strong>Director de la publicaci\u00f3n: <\/strong>P. Fran\u00e7ois Victorin Lapointe omv.<\/p>\n<p><strong>Alojamiento web<\/strong>: OVH<\/p>\n\t\t\t\t\t\t\t\t<\/div>\n\t\t\t\t<\/div>\n\t\t\t\t\t<\/div>\n\t\t\t\t<\/div>\n\t\t<div class=\"elementor-element elementor-element-d9bd641 e-flex e-con-boxed e-con e-parent\" data-id=\"d9bd641\" data-element_type=\"container\" data-e-type=\"container\">\n\t\t\t\t\t<div class=\"e-con-inner\">\n\t\t\t\t<div class=\"elementor-element elementor-element-001668f elementor-widget elementor-widget-heading\" data-id=\"001668f\" data-element_type=\"widget\" data-e-type=\"widget\" data-widget_type=\"heading.default\">\n\t\t\t\t<div class=\"elementor-widget-container\">\n\t\t\t\t\t<h2 class=\"elementor-heading-title elementor-size-default\">2. Condiciones generales de uso del sitio y de los servicios ofrecidos<\/h2>\t\t\t\t<\/div>\n\t\t\t\t<\/div>\n\t\t\t\t<div class=\"elementor-element elementor-element-d5dba81 elementor-widget elementor-widget-text-editor\" data-id=\"d5dba81\" data-element_type=\"widget\" data-e-type=\"widget\" data-widget_type=\"text-editor.default\">\n\t\t\t\t<div class=\"elementor-widget-container\">\n\t\t\t\t\t\t\t\t\t<p>El uso del sitio web chapelle sainte rita implica la plena aceptaci\u00f3n de las condiciones generales de uso que se exponen a continuaci\u00f3n. Estas condiciones de uso pueden ser modificadas o completadas en cualquier momento, por lo que se aconseja a los usuarios del sitio web chapelle sainte rita que las consulten regularmente. <\/p>\n<p>Este sitio es normalmente accesible a los usuarios en todo momento. Sin embargo, chapelle sainte rita puede decidir interrumpir el sitio por motivos de mantenimiento t\u00e9cnico. En tal caso, chapelle sainte rita se esforzar\u00e1 por informar a los usuarios de las fechas y horas de la intervenci\u00f3n con antelaci\u00f3n. <\/p>\n<p>El sitio web de chapelle sainte rita se actualiza regularmente a trav\u00e9s de &#8230;&#8230;.. Del mismo modo, los avisos legales pueden modificarse en cualquier momento: no obstante, son vinculantes para el usuario, a quien se invita a consultarlos con la mayor frecuencia posible para leerlos. <\/p>\n\t\t\t\t\t\t\t\t<\/div>\n\t\t\t\t<\/div>\n\t\t\t\t\t<\/div>\n\t\t\t\t<\/div>\n\t\t<div class=\"elementor-element elementor-element-e7ed17e e-flex e-con-boxed e-con e-parent\" data-id=\"e7ed17e\" data-element_type=\"container\" data-e-type=\"container\">\n\t\t\t\t\t<div class=\"e-con-inner\">\n\t\t\t\t<div class=\"elementor-element elementor-element-fc2d8db elementor-widget elementor-widget-heading\" data-id=\"fc2d8db\" data-element_type=\"widget\" data-e-type=\"widget\" data-widget_type=\"heading.default\">\n\t\t\t\t<div class=\"elementor-widget-container\">\n\t\t\t\t\t<h2 class=\"elementor-heading-title elementor-size-default\">3. Descripci\u00f3n de los servicios prestados<\/h2>\t\t\t\t<\/div>\n\t\t\t\t<\/div>\n\t\t\t\t<div class=\"elementor-element elementor-element-cb12f9a elementor-widget elementor-widget-text-editor\" data-id=\"cb12f9a\" data-element_type=\"widget\" data-e-type=\"widget\" data-widget_type=\"text-editor.default\">\n\t\t\t\t<div class=\"elementor-widget-container\">\n\t\t\t\t\t\t\t\t\t<p>El objetivo del sitio web de chapelle sainte rita es proporcionar informaci\u00f3n sobre todas las actividades de la empresa.<\/p>\n<p>chapelle sainte rita se esfuerza por ofrecer en el sitio web de chapelle sainte rita informaci\u00f3n lo m\u00e1s exacta posible. Sin embargo, no podr\u00e1 ser considerada responsable de las omisiones, inexactitudes o falta de actualizaci\u00f3n de la informaci\u00f3n, ya sean causadas por ella misma o por terceros asociados que proporcionen la informaci\u00f3n. <\/p>\n<p>Toda la informaci\u00f3n que aparece en el sitio web de chapelle sainte rita se facilita a t\u00edtulo meramente informativo y est\u00e1 sujeta a cambios. Adem\u00e1s, la informaci\u00f3n del sitio web chapelle sainte rita no es exhaustiva. Est\u00e1 sujeta a cambios desde su puesta en l\u00ednea.  <\/p>\n\t\t\t\t\t\t\t\t<\/div>\n\t\t\t\t<\/div>\n\t\t\t\t\t<\/div>\n\t\t\t\t<\/div>\n\t\t<div class=\"elementor-element elementor-element-ec49a9e e-flex e-con-boxed e-con e-parent\" data-id=\"ec49a9e\" data-element_type=\"container\" data-e-type=\"container\">\n\t\t\t\t\t<div class=\"e-con-inner\">\n\t\t\t\t<div class=\"elementor-element elementor-element-fee6898 elementor-widget elementor-widget-heading\" data-id=\"fee6898\" data-element_type=\"widget\" data-e-type=\"widget\" data-widget_type=\"heading.default\">\n\t\t\t\t<div class=\"elementor-widget-container\">\n\t\t\t\t\t<h2 class=\"elementor-heading-title elementor-size-default\">4. Limitaciones contractuales de los datos t\u00e9cnicos<\/h2>\t\t\t\t<\/div>\n\t\t\t\t<\/div>\n\t\t\t\t<div class=\"elementor-element elementor-element-b7d81b4 elementor-widget elementor-widget-text-editor\" data-id=\"b7d81b4\" data-element_type=\"widget\" data-e-type=\"widget\" data-widget_type=\"text-editor.default\">\n\t\t\t\t<div class=\"elementor-widget-container\">\n\t\t\t\t\t\t\t\t\t<p>El sitio utiliza la tecnolog\u00eda JavaScript. El sitio no se hace responsable de los da\u00f1os materiales derivados del uso del sitio. Adem\u00e1s, los usuarios del sitio se comprometen a acceder a \u00e9l utilizando equipos recientes, libres de virus y con un navegador actualizado de \u00faltima generaci\u00f3n. <\/p>\n\t\t\t\t\t\t\t\t<\/div>\n\t\t\t\t<\/div>\n\t\t\t\t\t<\/div>\n\t\t\t\t<\/div>\n\t\t<div class=\"elementor-element elementor-element-90d2677 e-flex e-con-boxed e-con e-parent\" data-id=\"90d2677\" data-element_type=\"container\" data-e-type=\"container\">\n\t\t\t\t\t<div class=\"e-con-inner\">\n\t\t\t\t<div class=\"elementor-element elementor-element-df08cda elementor-widget elementor-widget-heading\" data-id=\"df08cda\" data-element_type=\"widget\" data-e-type=\"widget\" data-widget_type=\"heading.default\">\n\t\t\t\t<div class=\"elementor-widget-container\">\n\t\t\t\t\t<h2 class=\"elementor-heading-title elementor-size-default\">5. Propiedad intelectual y falsificaci\u00f3n<\/h2>\t\t\t\t<\/div>\n\t\t\t\t<\/div>\n\t\t\t\t<div class=\"elementor-element elementor-element-c438d31 elementor-widget elementor-widget-text-editor\" data-id=\"c438d31\" data-element_type=\"widget\" data-e-type=\"widget\" data-widget_type=\"text-editor.default\">\n\t\t\t\t<div class=\"elementor-widget-container\">\n\t\t\t\t\t\t\t\t\t<p>Chapelle sainte rita es propietaria de los derechos de propiedad intelectual o titular de los derechos de uso sobre todos los elementos accesibles en el sitio, en particular los textos, im\u00e1genes, gr\u00e1ficos, logotipos, iconos, sonidos y software.<\/p>\n<p>Toda reproducci\u00f3n, representaci\u00f3n, modificaci\u00f3n, publicaci\u00f3n, adaptaci\u00f3n de la totalidad o parte de los elementos del sitio, cualesquiera que sean los medios o procedimientos utilizados, est\u00e1 prohibida, salvo autorizaci\u00f3n previa por escrito de: chapelle sainte rita.<\/p>\n<p>Cualquier uso no autorizado del sitio o de cualquiera de los elementos que contiene se considerar\u00e1 constitutivo de infracci\u00f3n y ser\u00e1 perseguido de conformidad con las disposiciones de los art\u00edculos L.335-2 y siguientes del C\u00f3digo de la Propiedad Intelectual franc\u00e9s.<\/p>\n\t\t\t\t\t\t\t\t<\/div>\n\t\t\t\t<\/div>\n\t\t\t\t\t<\/div>\n\t\t\t\t<\/div>\n\t\t<div class=\"elementor-element elementor-element-e2744e7 e-flex e-con-boxed e-con e-parent\" data-id=\"e2744e7\" data-element_type=\"container\" data-e-type=\"container\">\n\t\t\t\t\t<div class=\"e-con-inner\">\n\t\t\t\t<div class=\"elementor-element elementor-element-935da6d elementor-widget elementor-widget-heading\" data-id=\"935da6d\" data-element_type=\"widget\" data-e-type=\"widget\" data-widget_type=\"heading.default\">\n\t\t\t\t<div class=\"elementor-widget-container\">\n\t\t\t\t\t<h2 class=\"elementor-heading-title elementor-size-default\">6. Limitaci\u00f3n de responsabilidad<\/h2>\t\t\t\t<\/div>\n\t\t\t\t<\/div>\n\t\t\t\t<div class=\"elementor-element elementor-element-a64545a elementor-widget elementor-widget-text-editor\" data-id=\"a64545a\" data-element_type=\"widget\" data-e-type=\"widget\" data-widget_type=\"text-editor.default\">\n\t\t\t\t<div class=\"elementor-widget-container\">\n\t\t\t\t\t\t\t\t\t<p>Chapelle sainte rita no podr\u00e1 ser considerada responsable de los da\u00f1os directos o indirectos causados al equipo del usuario al acceder al sitio web chapelle sainte rita, que resulten bien de la utilizaci\u00f3n de un equipo que no cumpla las especificaciones indicadas en el punto 4, bien de la aparici\u00f3n de un error o incompatibilidad.<\/p>\n<p>chapelle sainte rita no ser\u00e1 responsable de ning\u00fan da\u00f1o indirecto (como la p\u00e9rdida de negocio o la p\u00e9rdida de oportunidades) derivado del uso del sitio web chapelle sainte rita.<\/p>\n<p>Los usuarios tienen a su disposici\u00f3n espacios interactivos (posibilidad de plantear preguntas en el espacio de contacto). chapelle sainte rita se reserva el derecho a eliminar, sin previo aviso, cualquier contenido publicado en este espacio que contravenga la legislaci\u00f3n aplicable en Francia, en particular las disposiciones relativas a la protecci\u00f3n de datos. En su caso, chapelle sainte rita tambi\u00e9n se reserva el derecho de exigir responsabilidades civiles y\/o penales al usuario, especialmente en caso de mensajes de car\u00e1cter racista, insultante, difamatorio o pornogr\u00e1fico, sea cual sea el medio utilizado (texto, fotograf\u00edas, etc.).  <\/p>\n\t\t\t\t\t\t\t\t<\/div>\n\t\t\t\t<\/div>\n\t\t\t\t\t<\/div>\n\t\t\t\t<\/div>\n\t\t<div class=\"elementor-element elementor-element-a71f834 e-flex e-con-boxed e-con e-parent\" data-id=\"a71f834\" data-element_type=\"container\" data-e-type=\"container\">\n\t\t\t\t\t<div class=\"e-con-inner\">\n\t\t\t\t<div class=\"elementor-element elementor-element-10fbc82 elementor-widget elementor-widget-heading\" data-id=\"10fbc82\" data-element_type=\"widget\" data-e-type=\"widget\" data-widget_type=\"heading.default\">\n\t\t\t\t<div class=\"elementor-widget-container\">\n\t\t\t\t\t<h2 class=\"elementor-heading-title elementor-size-default\">7. Gesti\u00f3n de datos personales<\/h2>\t\t\t\t<\/div>\n\t\t\t\t<\/div>\n\t\t\t\t<div class=\"elementor-element elementor-element-85a3826 elementor-widget elementor-widget-text-editor\" data-id=\"85a3826\" data-element_type=\"widget\" data-e-type=\"widget\" data-widget_type=\"text-editor.default\">\n\t\t\t\t<div class=\"elementor-widget-container\">\n\t\t\t\t\t\t\t\t\t<p>En Francia, los datos personales est\u00e1n protegidos por la ley n\u00ba 78-87 de 6 de enero de 1978, la ley n\u00ba 2004-801 de 6 de agosto de 2004, el art\u00edculo L. 226-13 del C\u00f3digo Penal y la Directiva Europea de 24 de octubre de 1995.<\/p>\n<p>Al utilizar el sitio chapelle sainte rita, puede recopilarse la siguiente informaci\u00f3n: la URL de los enlaces a trav\u00e9s de los cuales el usuario accedi\u00f3 al sitio chapelle sainte rita, el proveedor de acceso del usuario, la direcci\u00f3n del protocolo de Internet (IP) del usuario.<\/p>\n<p>En cualquier caso, chapelle sainte rita s\u00f3lo recoge informaci\u00f3n personal relativa al usuario a efectos de determinados servicios ofrecidos por el sitio web chapelle sainte rita. Los usuarios facilitan esta informaci\u00f3n con pleno conocimiento de causa, especialmente cuando la introducen ellos mismos.<br \/>De conformidad con lo dispuesto en los art\u00edculos 38 y siguientes de la Ley 78-17 de 6 de enero de 1978 relativa a la Inform\u00e1tica, a los Ficheros y a las Libertades, todo usuario dispone de un derecho de acceso, rectificaci\u00f3n y oposici\u00f3n a los datos de car\u00e1cter personal que le conciernan, mediante solicitud escrita y firmada, acompa\u00f1ada de una copia del documento de identidad con la firma del titular del documento, precisando la direcci\u00f3n a la que debe enviarse la respuesta.  <\/p>\n<p>Ninguna informaci\u00f3n personal del usuario del sitio chapelle sainte rita se publica sin el conocimiento del usuario, se intercambia, se transfiere, se cede o se vende por ning\u00fan medio a terceros. \u00danicamente la asunci\u00f3n de la recompra de chapelle sainte rita y de sus derechos permitir\u00eda la transmisi\u00f3n de dicha informaci\u00f3n al posible comprador, quien a su vez estar\u00eda sujeto a la misma obligaci\u00f3n de conservaci\u00f3n y modificaci\u00f3n de los datos con respecto al usuario del sitio chapelle sainte rita. <br \/>El sitio mencionado est\u00e1 registrado en la CNIL con el n\u00famero actual.<\/p>\n<p>Las bases de datos est\u00e1n protegidas por las disposiciones de la Ley de 1 de julio de 1998 que transpone la Directiva 96\/9 de 11 de marzo de 1996 sobre la protecci\u00f3n jur\u00eddica de las bases de datos.<\/p>\n\t\t\t\t\t\t\t\t<\/div>\n\t\t\t\t<\/div>\n\t\t\t\t\t<\/div>\n\t\t\t\t<\/div>\n\t\t<div class=\"elementor-element elementor-element-a0e7ef7 e-flex e-con-boxed e-con e-parent\" data-id=\"a0e7ef7\" data-element_type=\"container\" data-e-type=\"container\">\n\t\t\t\t\t<div class=\"e-con-inner\">\n\t\t\t\t<div class=\"elementor-element elementor-element-db55cdc elementor-widget elementor-widget-heading\" data-id=\"db55cdc\" data-element_type=\"widget\" data-e-type=\"widget\" data-widget_type=\"heading.default\">\n\t\t\t\t<div class=\"elementor-widget-container\">\n\t\t\t\t\t<h2 class=\"elementor-heading-title elementor-size-default\">8. Enlaces de hipertexto y cookies<\/h2>\t\t\t\t<\/div>\n\t\t\t\t<\/div>\n\t\t\t\t<div class=\"elementor-element elementor-element-cd43ef6 elementor-widget elementor-widget-text-editor\" data-id=\"cd43ef6\" data-element_type=\"widget\" data-e-type=\"widget\" data-widget_type=\"text-editor.default\">\n\t\t\t\t<div class=\"elementor-widget-container\">\n\t\t\t\t\t\t\t\t\t<p>El sitio de la chapelle sainte rita contiene una serie de enlaces de hipertexto hacia otros sitios, establecidos con la autorizaci\u00f3n de la chapelle sainte rita . Sin embargo, la chapelle sainte rita no puede controlar el contenido de los sitios visitados de este modo y, por consiguiente, no asume ninguna responsabilidad al respecto. <\/p>\n<p>La navegaci\u00f3n por el sitio web de chapelle sainte rita puede provocar la instalaci\u00f3n de cookies en el ordenador del usuario. Una cookie es un peque\u00f1o archivo que no permite identificar al usuario, pero que registra informaci\u00f3n relativa a la navegaci\u00f3n de un ordenador en un sitio. Los datos obtenidos de este modo est\u00e1n destinados a facilitar la navegaci\u00f3n posterior por el sitio y tambi\u00e9n se utilizan para medir el n\u00famero de visitantes.  <\/p>\n<p>Rechazar la instalaci\u00f3n de una cookie puede imposibilitar el acceso a determinados servicios. Sin embargo, los usuarios pueden configurar su ordenador de la siguiente manera para rechazar la instalaci\u00f3n de cookies: <br \/><strong>En Internet Explorer:<\/strong> pesta\u00f1a Herramientas (icono en forma de rueda arriba a la derecha) \/ Opciones de Internet. Haz clic en Confidencialidad y elige Bloquear todas las cookies. Confirma con Ok.  <br \/><strong>Firefox:<\/strong> en la parte superior de la ventana del navegador, haz clic en el bot\u00f3n Firefox y, a continuaci\u00f3n, ve a la pesta\u00f1a Opciones. Haz clic en la pesta\u00f1a Privacidad. Establece las Reglas de retenci\u00f3n en: utilizar una configuraci\u00f3n personalizada para el historial. Por \u00faltimo, desmarca para desactivar las cookies.   <br \/><strong>En Safari:<\/strong> haz clic en el icono del men\u00fa (simbolizado por una rueda dentada) situado en la parte superior derecha del navegador. Selecciona Ajustes. Haz clic en Mostrar ajustes avanzados. En la secci\u00f3n \u00abConfidencialidad\u00bb, haz clic en Configuraci\u00f3n de contenido. En la secci\u00f3n \u00abCookies\u00bb, puedes bloquear las cookies.    <br \/><strong>En Chrome:<\/strong> haz clic en el icono de men\u00fa (simbolizado por tres l\u00edneas horizontales) situado en la esquina superior derecha del navegador. Selecciona Configuraci\u00f3n. Haz clic en Mostrar configuraci\u00f3n avanzada. En la secci\u00f3n \u00abConfidencialidad\u00bb, haz clic en Preferencias. En la pesta\u00f1a \u00abConfidencialidad\u00bb, puedes bloquear las cookies.    <\/p>\n\t\t\t\t\t\t\t\t<\/div>\n\t\t\t\t<\/div>\n\t\t\t\t\t<\/div>\n\t\t\t\t<\/div>\n\t\t<div class=\"elementor-element elementor-element-a3aafef e-flex e-con-boxed e-con e-parent\" data-id=\"a3aafef\" data-element_type=\"container\" data-e-type=\"container\">\n\t\t\t\t\t<div class=\"e-con-inner\">\n\t\t\t\t<div class=\"elementor-element elementor-element-8fda267 elementor-widget elementor-widget-heading\" data-id=\"8fda267\" data-element_type=\"widget\" data-e-type=\"widget\" data-widget_type=\"heading.default\">\n\t\t\t\t<div class=\"elementor-widget-container\">\n\t\t\t\t\t<h2 class=\"elementor-heading-title elementor-size-default\">9. Ley aplicable y jurisdicci\u00f3n<\/h2>\t\t\t\t<\/div>\n\t\t\t\t<\/div>\n\t\t\t\t<div class=\"elementor-element elementor-element-f62dd3b elementor-widget elementor-widget-text-editor\" data-id=\"f62dd3b\" data-element_type=\"widget\" data-e-type=\"widget\" data-widget_type=\"text-editor.default\">\n\t\t\t\t<div class=\"elementor-widget-container\">\n\t\t\t\t\t\t\t\t\t<p>Cualquier litigio relativo a la utilizaci\u00f3n del sitio chapelle sainte rita  <a href=\"https:\/\/www.devis-borne-de-recharge.pro\/\"> <\/a>est\u00e1 sujeta a la legislaci\u00f3n francesa. Se concede jurisdicci\u00f3n exclusiva a los tribunales competentes de Versalles. <\/p>\n\t\t\t\t\t\t\t\t<\/div>\n\t\t\t\t<\/div>\n\t\t\t\t\t<\/div>\n\t\t\t\t<\/div>\n\t\t<div class=\"elementor-element elementor-element-52b82b4 e-flex e-con-boxed e-con e-parent\" data-id=\"52b82b4\" data-element_type=\"container\" data-e-type=\"container\">\n\t\t\t\t\t<div class=\"e-con-inner\">\n\t\t\t\t<div class=\"elementor-element elementor-element-9e43f84 elementor-widget elementor-widget-heading\" data-id=\"9e43f84\" data-element_type=\"widget\" data-e-type=\"widget\" data-widget_type=\"heading.default\">\n\t\t\t\t<div class=\"elementor-widget-container\">\n\t\t\t\t\t<h2 class=\"elementor-heading-title elementor-size-default\">10. Las principales leyes afectadas<\/h2>\t\t\t\t<\/div>\n\t\t\t\t<\/div>\n\t\t\t\t<div class=\"elementor-element elementor-element-86a67e9 elementor-widget elementor-widget-text-editor\" data-id=\"86a67e9\" data-element_type=\"widget\" data-e-type=\"widget\" data-widget_type=\"text-editor.default\">\n\t\t\t\t<div class=\"elementor-widget-container\">\n\t\t\t\t\t\t\t\t\t<p>Ley n\u00ba 78-87 de 6 de enero de 1978, modificada por la Ley n\u00ba 2004-801 de 6 de agosto de 2004 relativa a la inform\u00e1tica, los ficheros y las libertades.<\/p>\n<p>Ley n\u00ba 2004-575 de 21 de junio de 2004 sobre la confianza en la econom\u00eda digital.<\/p>\n\t\t\t\t\t\t\t\t<\/div>\n\t\t\t\t<\/div>\n\t\t\t\t\t<\/div>\n\t\t\t\t<\/div>\n\t\t<div class=\"elementor-element elementor-element-4a43f9b e-flex e-con-boxed e-con e-parent\" data-id=\"4a43f9b\" data-element_type=\"container\" data-e-type=\"container\">\n\t\t\t\t\t<div class=\"e-con-inner\">\n\t\t\t\t<div class=\"elementor-element elementor-element-94271b9 elementor-widget elementor-widget-heading\" data-id=\"94271b9\" data-element_type=\"widget\" data-e-type=\"widget\" data-widget_type=\"heading.default\">\n\t\t\t\t<div class=\"elementor-widget-container\">\n\t\t\t\t\t<h2 class=\"elementor-heading-title elementor-size-default\">11. Glosario<\/h2>\t\t\t\t<\/div>\n\t\t\t\t<\/div>\n\t\t\t\t<div class=\"elementor-element elementor-element-065c21b elementor-widget elementor-widget-text-editor\" data-id=\"065c21b\" data-element_type=\"widget\" data-e-type=\"widget\" data-widget_type=\"text-editor.default\">\n\t\t\t\t<div class=\"elementor-widget-container\">\n\t\t\t\t\t\t\t\t\t<p>Usuario: Usuario de Internet que se conecta y utiliza el sitio mencionado.<\/p>\n<p>Informaci\u00f3n personal: \u00abinformaci\u00f3n que permite, en cualquier forma, directa o indirectamente, la identificaci\u00f3n de las personas f\u00edsicas a las que se aplica\u00bb (art\u00edculo 4 de la ley n\u00ba 78-17 de 6 de enero de 1978).<\/p>\n\t\t\t\t\t\t\t\t<\/div>\n\t\t\t\t<\/div>\n\t\t\t\t\t<\/div>\n\t\t\t\t<\/div>\n\t\t\t\t<\/div>\n\t\t","protected":false},"excerpt":{"rendered":"<p>1. Presentaci\u00f3n del sitio En aplicaci\u00f3n del art\u00edculo 6 de la Ley n\u00ba 2004-575, de 21 de junio de 2004, sobre la confianza en la econom\u00eda digital, se informa a los usuarios del sitio web chapelle sainte rita de la identidad de las distintas partes implicadas en su creaci\u00f3n y seguimiento: [O .M.V.]Editor del sitio [&hellip;]<\/p>\n","protected":false},"author":1,"featured_media":0,"parent":0,"menu_order":0,"comment_status":"closed","ping_status":"closed","template":"elementor_header_footer","meta":{"footnotes":""},"class_list":["post-6478","page","type-page","status-publish","hentry"],"_links":{"self":[{"href":"https:\/\/www.chapelle-sainte-rita.com\/es\/wp-json\/wp\/v2\/pages\/6478","targetHints":{"allow":["GET"]}}],"collection":[{"href":"https:\/\/www.chapelle-sainte-rita.com\/es\/wp-json\/wp\/v2\/pages"}],"about":[{"href":"https:\/\/www.chapelle-sainte-rita.com\/es\/wp-json\/wp\/v2\/types\/page"}],"author":[{"embeddable":true,"href":"https:\/\/www.chapelle-sainte-rita.com\/es\/wp-json\/wp\/v2\/users\/1"}],"replies":[{"embeddable":true,"href":"https:\/\/www.chapelle-sainte-rita.com\/es\/wp-json\/wp\/v2\/comments?post=6478"}],"version-history":[{"count":2,"href":"https:\/\/www.chapelle-sainte-rita.com\/es\/wp-json\/wp\/v2\/pages\/6478\/revisions"}],"predecessor-version":[{"id":7665,"href":"https:\/\/www.chapelle-sainte-rita.com\/es\/wp-json\/wp\/v2\/pages\/6478\/revisions\/7665"}],"wp:attachment":[{"href":"https:\/\/www.chapelle-sainte-rita.com\/es\/wp-json\/wp\/v2\/media?parent=6478"}],"curies":[{"name":"wp","href":"https:\/\/api.w.org\/{rel}","templated":true}]}}