{"id":6482,"date":"2024-08-19T16:49:14","date_gmt":"2024-08-19T14:49:14","guid":{"rendered":"https:\/\/www.chapelle-sainte-rita.com\/politica-de-privacidad\/"},"modified":"2024-11-28T16:20:56","modified_gmt":"2024-11-28T15:20:56","slug":"politica-de-privacidad","status":"publish","type":"page","link":"https:\/\/www.chapelle-sainte-rita.com\/es\/politica-de-privacidad\/","title":{"rendered":"Pol\u00edtica de privacidad"},"content":{"rendered":"\t\t<div data-elementor-type=\"wp-page\" data-elementor-id=\"6482\" class=\"elementor elementor-6482 elementor-3981\" data-elementor-post-type=\"page\">\n\t\t\t\t<div class=\"elementor-element elementor-element-5deaab6 e-flex e-con-boxed e-con e-parent\" data-id=\"5deaab6\" data-element_type=\"container\" data-e-type=\"container\">\n\t\t\t\t\t<div class=\"e-con-inner\">\n\t\t\t\t<div class=\"elementor-element elementor-element-3565f40 elementor-widget elementor-widget-heading\" data-id=\"3565f40\" data-element_type=\"widget\" data-e-type=\"widget\" data-widget_type=\"heading.default\">\n\t\t\t\t<div class=\"elementor-widget-container\">\n\t\t\t\t\t<h2 class=\"elementor-heading-title elementor-size-default\">Pol\u00edtica de privacidad<\/h2>\t\t\t\t<\/div>\n\t\t\t\t<\/div>\n\t\t\t\t<div class=\"elementor-element elementor-element-7c2e2f8 elementor-widget elementor-widget-text-editor\" data-id=\"7c2e2f8\" data-element_type=\"widget\" data-e-type=\"widget\" data-widget_type=\"text-editor.default\">\n\t\t\t\t<div class=\"elementor-widget-container\">\n\t\t\t\t\t\t\t\t\t<p>Esta pol\u00edtica de privacidad describe las pol\u00edticas de chapelle sainte rita, es propiedad de &#8230;.., email : <span style=\"text-decoration: underline;\"><a href=\"mailto:resid.univ.lanteri@gmail.com\">resid.univ.lanteri@gmail.com<\/a><\/span>chapelle sainte rita no compartir\u00e1, vender\u00e1 ni alquilar\u00e1 tu informaci\u00f3n personal a terceros sin tu consentimiento. Al acceder o utilizar el Servicio, das tu consentimiento a la recopilaci\u00f3n, uso y divulgaci\u00f3n de tu informaci\u00f3n de acuerdo con esta Pol\u00edtica de privacidad. Si no das tu consentimiento, por favor, no accedas ni utilices el Servicio.  <\/p>\n\t\t\t\t\t\t\t\t<\/div>\n\t\t\t\t<\/div>\n\t\t\t\t\t<\/div>\n\t\t\t\t<\/div>\n\t\t<div class=\"elementor-element elementor-element-44126cd e-flex e-con-boxed e-con e-parent\" data-id=\"44126cd\" data-element_type=\"container\" data-e-type=\"container\">\n\t\t\t\t\t<div class=\"e-con-inner\">\n\t\t\t\t<div class=\"elementor-element elementor-element-c9c8a6c elementor-widget elementor-widget-heading\" data-id=\"c9c8a6c\" data-element_type=\"widget\" data-e-type=\"widget\" data-widget_type=\"heading.default\">\n\t\t\t\t<div class=\"elementor-widget-container\">\n\t\t\t\t\t<h2 class=\"elementor-heading-title elementor-size-default\">1. Informaci\u00f3n que recogemos<\/h2>\t\t\t\t<\/div>\n\t\t\t\t<\/div>\n\t\t\t\t<div class=\"elementor-element elementor-element-7e5febe elementor-widget elementor-widget-text-editor\" data-id=\"7e5febe\" data-element_type=\"widget\" data-e-type=\"widget\" data-widget_type=\"text-editor.default\">\n\t\t\t\t<div class=\"elementor-widget-container\">\n\t\t\t\t\t\t\t\t\tRecogeremos y procesaremos la siguiente informaci\u00f3n personal sobre ti:\n<ul>\n \t<li>1. Nombre<\/li>\n \t<li>2. Nombre<\/li>\n \t<li>3. Correo electr\u00f3nico<\/li>\n \t<li>4. N\u00famero de tel\u00e9fono<\/li>\n\t\t\t\t\t\t\t\t<\/div>\n\t\t\t\t<\/div>\n\t\t\t\t\t<\/div>\n\t\t\t\t<\/div>\n\t\t<div class=\"elementor-element elementor-element-3ce90d5 e-flex e-con-boxed e-con e-parent\" data-id=\"3ce90d5\" data-element_type=\"container\" data-e-type=\"container\">\n\t\t\t\t\t<div class=\"e-con-inner\">\n\t\t\t\t<div class=\"elementor-element elementor-element-6b088ee elementor-widget elementor-widget-heading\" data-id=\"6b088ee\" data-element_type=\"widget\" data-e-type=\"widget\" data-widget_type=\"heading.default\">\n\t\t\t\t<div class=\"elementor-widget-container\">\n\t\t\t\t\t<h2 class=\"elementor-heading-title elementor-size-default\">2. Almacenamiento de tu informaci\u00f3n :<\/h2>\t\t\t\t<\/div>\n\t\t\t\t<\/div>\n\t\t\t\t<div class=\"elementor-element elementor-element-c1ab0f2 elementor-widget elementor-widget-text-editor\" data-id=\"c1ab0f2\" data-element_type=\"widget\" data-e-type=\"widget\" data-widget_type=\"text-editor.default\">\n\t\t\t\t<div class=\"elementor-widget-container\">\n\t\t\t\t\t\t\t\t\t<p>Los datos personales de las personas que no hayan celebrado un contrato con chapelle sainte rita y que permanezcan inactivas en la base de datos se conservan durante un m\u00e1ximo de tres a\u00f1os a partir del \u00faltimo contacto entre chapelle sainte rita y la persona en cuesti\u00f3n.<\/p>\n<p>Si la recogida de estos datos se basa en tu consentimiento previo, se eliminar\u00e1n antes de que expire este plazo de tres a\u00f1os si se retira tu consentimiento.<\/p>\n<p>En general, chapelle sainte rita conserva los datos de los clientes durante el tiempo necesario para los fines para los que fueron recogidos.<\/p>\n<p>Si se celebra un contrato, los datos personales recogidos se conservar\u00e1n durante un periodo de 10 a\u00f1os, es decir, hasta la expiraci\u00f3n de la garant\u00eda de diez a\u00f1os vinculada al equipo.<\/p>\n\t\t\t\t\t\t\t\t<\/div>\n\t\t\t\t<\/div>\n\t\t\t\t\t<\/div>\n\t\t\t\t<\/div>\n\t\t<div class=\"elementor-element elementor-element-9f6d557 e-flex e-con-boxed e-con e-parent\" data-id=\"9f6d557\" data-element_type=\"container\" data-e-type=\"container\">\n\t\t\t\t\t<div class=\"e-con-inner\">\n\t\t\t\t<div class=\"elementor-element elementor-element-466cd47 elementor-widget elementor-widget-heading\" data-id=\"466cd47\" data-element_type=\"widget\" data-e-type=\"widget\" data-widget_type=\"heading.default\">\n\t\t\t\t<div class=\"elementor-widget-container\">\n\t\t\t\t\t<h2 class=\"elementor-heading-title elementor-size-default\">3. Tus derechos<\/h2>\t\t\t\t<\/div>\n\t\t\t\t<\/div>\n\t\t\t\t<div class=\"elementor-element elementor-element-9fafa48 elementor-widget elementor-widget-text-editor\" data-id=\"9fafa48\" data-element_type=\"widget\" data-e-type=\"widget\" data-widget_type=\"text-editor.default\">\n\t\t\t\t<div class=\"elementor-widget-container\">\n\t\t\t\t\t\t\t\t\t<p>Conforme a la legislaci\u00f3n aplicable, puedes tener derecho a acceder y rectificar o borrar tus datos personales o recibir una copia de tus datos personales, restringir u oponerte al tratamiento activo de tus datos, pedirnos que compartamos (traslademos) tus datos personales, informaci\u00f3n a otra entidad, retirar cualquier consentimiento que nos hayas proporcionado para tratar tus datos, derecho a presentar una reclamaci\u00f3n ante una autoridad legal y cualquier otro derecho que pueda ser pertinente conforme a la legislaci\u00f3n aplicable. Para ejercer estos derechos, puedes escribirnos a chapelle sainte rita, 38, rue de la fontaine card\u00e9e 77130 Dormelles y responderemos a tu solicitud de conformidad con la legislaci\u00f3n aplicable. Ten en cuenta que si no nos autorizas a recoger o procesar la informaci\u00f3n personal solicitada o si retiras el consentimiento para procesarla con los fines solicitados, es posible que no puedas acceder o utilizar los servicios para los que se solicitaron tus datos.<\/p>\n<p>Para obtener m\u00e1s informaci\u00f3n sobre c\u00f3mo las utilizamos y tus opciones en relaci\u00f3n con estas tecnolog\u00edas de rastreo, consulta nuestra pol\u00edtica de cookies.<\/p>\n\t\t\t\t\t\t\t\t<\/div>\n\t\t\t\t<\/div>\n\t\t\t\t\t<\/div>\n\t\t\t\t<\/div>\n\t\t<div class=\"elementor-element elementor-element-806bc87 e-flex e-con-boxed e-con e-parent\" data-id=\"806bc87\" data-element_type=\"container\" data-e-type=\"container\">\n\t\t\t\t\t<div class=\"e-con-inner\">\n\t\t\t\t<div class=\"elementor-element elementor-element-128ac56 elementor-widget elementor-widget-heading\" data-id=\"128ac56\" data-element_type=\"widget\" data-e-type=\"widget\" data-widget_type=\"heading.default\">\n\t\t\t\t<div class=\"elementor-widget-container\">\n\t\t\t\t\t<h2 class=\"elementor-heading-title elementor-size-default\">4. Cookies<\/h2>\t\t\t\t<\/div>\n\t\t\t\t<\/div>\n\t\t\t\t<div class=\"elementor-element elementor-element-2d4d297 elementor-widget elementor-widget-text-editor\" data-id=\"2d4d297\" data-element_type=\"widget\" data-e-type=\"widget\" data-widget_type=\"text-editor.default\">\n\t\t\t\t<div class=\"elementor-widget-container\">\n\t\t\t\t\t\t\t\t\t<p>La seguridad de tu informaci\u00f3n es importante para nosotros y utilizaremos medidas de seguridad razonables para evitar la p\u00e9rdida, el uso indebido o la alteraci\u00f3n no autorizada de la informaci\u00f3n bajo nuestro control. Sin embargo, dados los riesgos inherentes, no podemos garantizar una seguridad absoluta y, por tanto, no podemos asegurar ni garantizar la seguridad de ninguna informaci\u00f3n que nos transmitas y lo haces por tu cuenta y riesgo. <\/p>\n\t\t\t\t\t\t\t\t<\/div>\n\t\t\t\t<\/div>\n\t\t\t\t\t<\/div>\n\t\t\t\t<\/div>\n\t\t<div class=\"elementor-element elementor-element-3de3ede e-flex e-con-boxed e-con e-parent\" data-id=\"3de3ede\" data-element_type=\"container\" data-e-type=\"container\">\n\t\t\t\t\t<div class=\"e-con-inner\">\n\t\t\t\t<div class=\"elementor-element elementor-element-efc2de6 elementor-widget elementor-widget-heading\" data-id=\"efc2de6\" data-element_type=\"widget\" data-e-type=\"widget\" data-widget_type=\"heading.default\">\n\t\t\t\t<div class=\"elementor-widget-container\">\n\t\t\t\t\t<h2 class=\"elementor-heading-title elementor-size-default\">5. Seguridad<\/h2>\t\t\t\t<\/div>\n\t\t\t\t<\/div>\n\t\t\t\t<div class=\"elementor-element elementor-element-1731158 elementor-widget elementor-widget-text-editor\" data-id=\"1731158\" data-element_type=\"widget\" data-e-type=\"widget\" data-widget_type=\"text-editor.default\">\n\t\t\t\t<div class=\"elementor-widget-container\">\n\t\t\t\t\t\t\t\t\t<p>La seguridad de tu informaci\u00f3n es importante para nosotros y utilizaremos medidas de seguridad razonables para evitar la p\u00e9rdida, el uso indebido o la alteraci\u00f3n no autorizada de la informaci\u00f3n bajo nuestro control. Sin embargo, dados los riesgos inherentes, no podemos garantizar una seguridad absoluta y, por tanto, no podemos asegurar ni garantizar la seguridad de ninguna informaci\u00f3n que nos transmitas y lo haces por tu cuenta y riesgo. <\/p>\n\t\t\t\t\t\t\t\t<\/div>\n\t\t\t\t<\/div>\n\t\t\t\t\t<\/div>\n\t\t\t\t<\/div>\n\t\t<div class=\"elementor-element elementor-element-249cddc e-flex e-con-boxed e-con e-parent\" data-id=\"249cddc\" data-element_type=\"container\" data-e-type=\"container\">\n\t\t\t\t\t<div class=\"e-con-inner\">\n\t\t\t\t<div class=\"elementor-element elementor-element-7980e71 elementor-widget elementor-widget-heading\" data-id=\"7980e71\" data-element_type=\"widget\" data-e-type=\"widget\" data-widget_type=\"heading.default\">\n\t\t\t\t<div class=\"elementor-widget-container\">\n\t\t\t\t\t<h2 class=\"elementor-heading-title elementor-size-default\">6. Enlaces de terceros y uso de tu informaci\u00f3n<\/h2>\t\t\t\t<\/div>\n\t\t\t\t<\/div>\n\t\t\t\t<div class=\"elementor-element elementor-element-1112309 elementor-widget elementor-widget-text-editor\" data-id=\"1112309\" data-element_type=\"widget\" data-e-type=\"widget\" data-widget_type=\"text-editor.default\">\n\t\t\t\t<div class=\"elementor-widget-container\">\n\t\t\t\t\t\t\t\t\t<p>Nuestro Servicio puede contener enlaces a otros sitios web que no son operados por nosotros. Esta Pol\u00edtica de Privacidad no aborda la pol\u00edtica de privacidad u otras pr\u00e1cticas de terceros, incluyendo cualquier tercero que opere un sitio web o servicio que pueda ser accesible a trav\u00e9s de un enlace en el Servicio. Te recomendamos encarecidamente que consultes la pol\u00edtica de privacidad de cada sitio que visites. No tenemos ning\u00fan control sobre el contenido, las pol\u00edticas de privacidad o las pr\u00e1cticas de los sitios o servicios de terceros, y no asumimos ninguna responsabilidad al respecto.   <\/p>\n\t\t\t\t\t\t\t\t<\/div>\n\t\t\t\t<\/div>\n\t\t\t\t\t<\/div>\n\t\t\t\t<\/div>\n\t\t<div class=\"elementor-element elementor-element-974b05d e-flex e-con-boxed e-con e-parent\" data-id=\"974b05d\" data-element_type=\"container\" data-e-type=\"container\">\n\t\t\t\t\t<div class=\"e-con-inner\">\n\t\t\t\t<div class=\"elementor-element elementor-element-e322e23 elementor-widget elementor-widget-heading\" data-id=\"e322e23\" data-element_type=\"widget\" data-e-type=\"widget\" data-widget_type=\"heading.default\">\n\t\t\t\t<div class=\"elementor-widget-container\">\n\t\t\t\t\t<h2 class=\"elementor-heading-title elementor-size-default\">7. Enlaces de terceros y uso de tu informaci\u00f3n<\/h2>\t\t\t\t<\/div>\n\t\t\t\t<\/div>\n\t\t\t\t<div class=\"elementor-element elementor-element-71246a0 elementor-widget elementor-widget-text-editor\" data-id=\"71246a0\" data-element_type=\"widget\" data-e-type=\"widget\" data-widget_type=\"text-editor.default\">\n\t\t\t\t<div class=\"elementor-widget-container\">\n\t\t\t\t\t\t\t\t\t<p>Si tienes alguna pregunta o duda sobre el tratamiento de la informaci\u00f3n de que disponemos, puedes enviar un correo electr\u00f3nico a nuestro <strong>Director de Publicaciones:<\/strong>&#8230;&#8230; , correo electr\u00f3nico: <a href=\"mailto:resid.univ.lanteri@gmail.com\">resid.univ.lanteri@gmail.com.<\/a> Trataremos tus dudas de acuerdo con la legislaci\u00f3n aplicable. <\/p>\n\t\t\t\t\t\t\t\t<\/div>\n\t\t\t\t<\/div>\n\t\t\t\t\t<\/div>\n\t\t\t\t<\/div>\n\t\t\t\t<\/div>\n\t\t","protected":false},"excerpt":{"rendered":"<p>Pol\u00edtica de privacidad Esta pol\u00edtica de privacidad describe las pol\u00edticas de chapelle sainte rita, es propiedad de &#8230;.., email : resid.univ.lanteri@gmail.comchapelle sainte rita no compartir\u00e1, vender\u00e1 ni alquilar\u00e1 tu informaci\u00f3n personal a terceros sin tu consentimiento. Al acceder o utilizar el Servicio, das tu consentimiento a la recopilaci\u00f3n, uso y divulgaci\u00f3n de tu informaci\u00f3n de [&hellip;]<\/p>\n","protected":false},"author":1,"featured_media":0,"parent":0,"menu_order":0,"comment_status":"closed","ping_status":"closed","template":"elementor_header_footer","meta":{"footnotes":""},"class_list":["post-6482","page","type-page","status-publish","hentry"],"_links":{"self":[{"href":"https:\/\/www.chapelle-sainte-rita.com\/es\/wp-json\/wp\/v2\/pages\/6482","targetHints":{"allow":["GET"]}}],"collection":[{"href":"https:\/\/www.chapelle-sainte-rita.com\/es\/wp-json\/wp\/v2\/pages"}],"about":[{"href":"https:\/\/www.chapelle-sainte-rita.com\/es\/wp-json\/wp\/v2\/types\/page"}],"author":[{"embeddable":true,"href":"https:\/\/www.chapelle-sainte-rita.com\/es\/wp-json\/wp\/v2\/users\/1"}],"replies":[{"embeddable":true,"href":"https:\/\/www.chapelle-sainte-rita.com\/es\/wp-json\/wp\/v2\/comments?post=6482"}],"version-history":[{"count":1,"href":"https:\/\/www.chapelle-sainte-rita.com\/es\/wp-json\/wp\/v2\/pages\/6482\/revisions"}],"predecessor-version":[{"id":6483,"href":"https:\/\/www.chapelle-sainte-rita.com\/es\/wp-json\/wp\/v2\/pages\/6482\/revisions\/6483"}],"wp:attachment":[{"href":"https:\/\/www.chapelle-sainte-rita.com\/es\/wp-json\/wp\/v2\/media?parent=6482"}],"curies":[{"name":"wp","href":"https:\/\/api.w.org\/{rel}","templated":true}]}}