{"id":11596,"date":"2025-01-17T22:35:44","date_gmt":"2025-01-17T21:35:44","guid":{"rendered":"https:\/\/www.chapelle-sainte-rita.com\/indulgenza-plenaria-del-giubileo\/"},"modified":"2025-03-13T11:36:47","modified_gmt":"2025-03-13T10:36:47","slug":"indulgenza-plenaria-del-giubileo","status":"publish","type":"page","link":"https:\/\/www.chapelle-sainte-rita.com\/it\/indulgenza-plenaria-del-giubileo\/","title":{"rendered":"Indulgenza plenaria del Giubileo"},"content":{"rendered":"\t\t<div data-elementor-type=\"wp-page\" data-elementor-id=\"11596\" class=\"elementor elementor-11596 elementor-9969\" data-elementor-post-type=\"page\">\n\t\t\t\t<div class=\"elementor-element elementor-element-bfe2efa e-flex e-con-boxed e-con e-parent\" data-id=\"bfe2efa\" data-element_type=\"container\" data-e-type=\"container\">\n\t\t\t\t\t<div class=\"e-con-inner\">\n\t\t\t\t<div class=\"elementor-element elementor-element-a3612cc elementor-widget elementor-widget-text-editor\" data-id=\"a3612cc\" data-element_type=\"widget\" data-e-type=\"widget\" data-widget_type=\"text-editor.default\">\n\t\t\t\t<div class=\"elementor-widget-container\">\n\t\t\t\t\t\t\t\t\t<ul>\n<li><strong>Il significato spirituale dell&#8217;indulgenza<\/strong><\/li>\n<\/ul>\t\t\t\t\t\t\t\t<\/div>\n\t\t\t\t<\/div>\n\t\t\t\t<div class=\"elementor-element elementor-element-e08c42d elementor-widget elementor-widget-text-editor\" data-id=\"e08c42d\" data-element_type=\"widget\" data-e-type=\"widget\" data-widget_type=\"text-editor.default\">\n\t\t\t\t<div class=\"elementor-widget-container\">\n\t\t\t\t\t\t\t\t\t<p>L&#8217;indulgenza \u00e8 una manifestazione concreta della misericordia di Dio che supera i limiti della giustizia umana e li trasforma.<\/p>\n<p><\/p>\n<p>L&#8217;indulgenza rivela il modo di agire di Dio: Egli riordina tutta la storia, tutta la nostra storia, secondo il suo amore. In francese, la parola <strong>&#8220;indulgenza<\/strong> &#8221; porta con s\u00e9 una connotazione di debolezza che \u00e8 estranea alla realt\u00e0 di ci\u00f2 che Dio sta facendo. Egli ci ricorda la vicinanza del Regno vivendo, proprio ora, la pi\u00f9 importante delle realt\u00e0: la carit\u00e0. Beneficiare di un&#8217;indulgenza significa sperimentare con gratitudine la felice sproporzione tra la nostra piccolezza e la grandezza di Dio, che pu\u00f2 restituire l&#8217;umanit\u00e0 alla sua grazia (cfr. Preghiera Eucaristica per la Riconciliazione I).    <\/p>\t\t\t\t\t\t\t\t<\/div>\n\t\t\t\t<\/div>\n\t\t\t\t<div class=\"elementor-element elementor-element-e98da3f elementor-widget elementor-widget-text-editor\" data-id=\"e98da3f\" data-element_type=\"widget\" data-e-type=\"widget\" data-widget_type=\"text-editor.default\">\n\t\t\t\t<div class=\"elementor-widget-container\">\n\t\t\t\t\t\t\t\t\t<p><strong>L&#8217;indulgenza plenaria \u00e8 una grazia offerta da Dio in occasione dell&#8217;Anno Giubilare.<\/strong><\/p>\n<p><\/p>\n<p><strong>\u00c8 una riparazione, che cancella il disordine causato dal peccato.<\/strong><\/p>\t\t\t\t\t\t\t\t<\/div>\n\t\t\t\t<\/div>\n\t\t\t\t<div class=\"elementor-element elementor-element-c80e601 elementor-widget elementor-widget-text-editor\" data-id=\"c80e601\" data-element_type=\"widget\" data-e-type=\"widget\" data-widget_type=\"text-editor.default\">\n\t\t\t\t<div class=\"elementor-widget-container\">\n\t\t\t\t\t\t\t\t\t<p>L&#8217;indulgenza \u00e8 l&#8217;indulgenza di Dio. Non pu\u00f2 essere guadagnata; \u00e8 un dono puro e gratuito della Divina Misericordia. <\/p>\n<p><\/p>\n<ul class=\"wp-block-list\">\n<li>Nel sacramento del perdono, il <strong>peccato viene perdonato<\/strong>.<\/li>\n\n<li>Ma rimane il disordine causato dal peccato, un <strong>disordine che richiede una riparazione<\/strong>, la cosiddetta &#8220;pena&#8221;, che d\u00e0 origine alla &#8220;penitenza&#8221; che il peccatore perdonato compie dopo aver ricevuto il perdono sacramentale.<\/li>\n<\/ul>\n<p><\/p>\n<p>L&#8217;indulgenza plenaria \u00e8 una grazia offerta da Dio in occasione dell&#8217;Anno Giubilare. \u00c8 una riparazione, la cancellazione del disordine causato dal peccato. Si richiede attraverso gli esercizi di piet\u00e0, la confessione, il passaggio della Porta Santa, la preghiera per le intenzioni del Santo Padre, ecc. Si riceve nella comunione dei santi che non smettono mai di pregare per l&#8217;accettazione della Divina Misericordia, in terra come in cielo.  <\/p>\n<p><\/p>\n<p>Dio \u00e8 sempre pronto a perdonare e non si stanca mai di offrirlo in modi nuovi e inaspettati.<\/p>\t\t\t\t\t\t\t\t<\/div>\n\t\t\t\t<\/div>\n\t\t\t\t<div class=\"elementor-element elementor-element-f642adf elementor-widget elementor-widget-text-editor\" data-id=\"f642adf\" data-element_type=\"widget\" data-e-type=\"widget\" data-widget_type=\"text-editor.default\">\n\t\t\t\t<div class=\"elementor-widget-container\">\n\t\t\t\t\t\t\t\t\t<p>Estratto dalla bolla:  <strong style=\"color: var( --e-global-color-text ); font-family: var( --e-global-typography-text-font-family ), Sans-serif; font-size: var( --e-global-typography-text-font-size );\"><em>&#8220;Dio \u00e8 sempre pronto a perdonare e non si stanca mai di offrirlo in modi nuovi e inaspettati&#8230; Nel sacramento della riconciliazione, Dio perdona i peccati e questi vengono davvero cancellati, anche se l&#8217;impronta negativa dei peccati rimane nel nostro comportamento e nei nostri pensieri. Ma la misericordia di Dio \u00e8 pi\u00f9 forte di questo. Diventa l&#8217;indulgenza del Padre, che raggiunge il peccatore perdonato attraverso la Sposa di Cristo (la Chiesa) e lo libera da tutto ci\u00f2 che rimane delle conseguenze del peccato, permettendogli di agire con carit\u00e0, di crescere nell&#8217;amore piuttosto che ricadere nel peccato&#8221;.<\/em><\/strong><span style=\"color: var( --e-global-color-text ); font-family: var( --e-global-typography-text-font-family ), Sans-serif; font-size: var( --e-global-typography-text-font-size ); font-weight: var( --e-global-typography-text-font-weight );\">  MV n\u00b022, Papa Francesco.<\/span><\/p>\n\t\t\t\t\t\t\t\t<\/div>\n\t\t\t\t<\/div>\n\t\t\t\t<div class=\"elementor-element elementor-element-bbb0216 elementor-widget elementor-widget-image\" data-id=\"bbb0216\" data-element_type=\"widget\" data-e-type=\"widget\" data-widget_type=\"image.default\">\n\t\t\t\t<div class=\"elementor-widget-container\">\n\t\t\t\t\t\t\t\t\t\t\t\t\t\t\t<img fetchpriority=\"high\" decoding=\"async\" width=\"800\" height=\"296\" src=\"https:\/\/www.chapelle-sainte-rita.com\/wp-content\/uploads\/2025\/01\/Statues-Saints-1024x379.jpg\" class=\"attachment-large size-large wp-image-10234\" alt=\"\" srcset=\"https:\/\/www.chapelle-sainte-rita.com\/wp-content\/uploads\/2025\/01\/Statues-Saints-1024x379.jpg 1024w, https:\/\/www.chapelle-sainte-rita.com\/wp-content\/uploads\/2025\/01\/Statues-Saints-300x111.jpg 300w, https:\/\/www.chapelle-sainte-rita.com\/wp-content\/uploads\/2025\/01\/Statues-Saints-768x284.jpg 768w, https:\/\/www.chapelle-sainte-rita.com\/wp-content\/uploads\/2025\/01\/Statues-Saints-1536x569.jpg 1536w, https:\/\/www.chapelle-sainte-rita.com\/wp-content\/uploads\/2025\/01\/Statues-Saints.jpg 2033w\" sizes=\"(max-width: 800px) 100vw, 800px\" \/>\t\t\t\t\t\t\t\t\t\t\t\t\t\t\t<\/div>\n\t\t\t\t<\/div>\n\t\t\t\t<div class=\"elementor-element elementor-element-2e0b23a elementor-widget elementor-widget-text-editor\" data-id=\"2e0b23a\" data-element_type=\"widget\" data-e-type=\"widget\" data-widget_type=\"text-editor.default\">\n\t\t\t\t<div class=\"elementor-widget-container\">\n\t\t\t\t\t\t\t\t\t<p>***********************************************************<\/p>\n\t\t\t\t\t\t\t\t<\/div>\n\t\t\t\t<\/div>\n\t\t\t\t<div class=\"elementor-element elementor-element-9e916bc elementor-widget elementor-widget-text-editor\" data-id=\"9e916bc\" data-element_type=\"widget\" data-e-type=\"widget\" data-widget_type=\"text-editor.default\">\n\t\t\t\t<div class=\"elementor-widget-container\">\n\t\t\t\t\t\t\t\t\t<ul>\n<li><strong>La Chiesa e l&#8217;indulgenza plenaria?<\/strong><\/li>\n<\/ul>\t\t\t\t\t\t\t\t<\/div>\n\t\t\t\t<\/div>\n\t\t\t\t<div class=\"elementor-element elementor-element-98a1406 elementor-widget elementor-widget-text-editor\" data-id=\"98a1406\" data-element_type=\"widget\" data-e-type=\"widget\" data-widget_type=\"text-editor.default\">\n\t\t\t\t<div class=\"elementor-widget-container\">\n\t\t\t\t\t\t\t\t\t<p>Il Vaticano ha quindi annunciato che le indulgenze plenarie saranno concesse nell&#8217;ambito dell&#8217;Anno Giubilare 2025, come spesso accade durante un Anno Santo. Il 9 maggio, festa dell&#8217;Ascensione, Papa Francesco ha letto la Bolla di indizione del Giubileo. <\/p>\n<p><\/p>\n<p>Concedendo un&#8217;indulgenza plenaria, la Chiesa cattolica esprime il desiderio che i fedeli sperimentino la misericordia di Dio. Infatti, concedere un&#8217;indulgenza plenaria significa dichiarare la remissione o il perdono dei peccati e di &#8220;tutto ci\u00f2 che rimane delle conseguenze del peccato&#8221;. <strong><em>&#8220;di tutto ci\u00f2 che rimane delle conseguenze del peccato&#8221;,<\/em><\/strong> si legge nella nota della Penitenzieria Apostolica pubblicata luned\u00ec 13 maggio. <\/p>\n<p><\/p>\n<p>Nella religione cristiana, il peccato \u00e8 <strong><em>&#8220;una mancanza di amore verso Dio, verso il prossimo e verso se stessi&#8221;.<\/em><\/strong> (fonte: Chiesa cattolica in Francia). Per i cattolici, il rapporto con Dio avviene attraverso la Chiesa. Sebbene sia Dio a perdonare, per i fedeli la remissione dei peccati richiede un sacramento, il sacramento della penitenza. Questo permette la riconciliazione con Dio.   <\/p>\t\t\t\t\t\t\t\t<\/div>\n\t\t\t\t<\/div>\n\t\t\t\t<div class=\"elementor-element elementor-element-3140bcc elementor-widget elementor-widget-text-editor\" data-id=\"3140bcc\" data-element_type=\"widget\" data-e-type=\"widget\" data-widget_type=\"text-editor.default\">\n\t\t\t\t<div class=\"elementor-widget-container\">\n\t\t\t\t\t\t\t\t\t<p>***********************************************************<\/p>\n\t\t\t\t\t\t\t\t<\/div>\n\t\t\t\t<\/div>\n\t\t\t\t<div class=\"elementor-element elementor-element-f3a9869 elementor-widget elementor-widget-text-editor\" data-id=\"f3a9869\" data-element_type=\"widget\" data-e-type=\"widget\" data-widget_type=\"text-editor.default\">\n\t\t\t\t<div class=\"elementor-widget-container\">\n\t\t\t\t\t\t\t\t\t<ul>\n<li><strong>L&#8217;indulgenza plenaria sostituisce la confessione?<\/strong><\/li>\n<\/ul>\t\t\t\t\t\t\t\t<\/div>\n\t\t\t\t<\/div>\n\t\t\t\t<div class=\"elementor-element elementor-element-2415003 elementor-widget elementor-widget-text-editor\" data-id=\"2415003\" data-element_type=\"widget\" data-e-type=\"widget\" data-widget_type=\"text-editor.default\">\n\t\t\t\t<div class=\"elementor-widget-container\">\n\t\t\t\t\t\t\t\t\t<p>\u00c8 compito della Penitenzieria Apostolica, il tribunale supremo della Chiesa Cattolica, un organo della Curia Romana, determinare le condizioni per ottenere l&#8217;indulgenza plenaria. Nella sua nota del 13 maggio, sottolinea che l&#8217;indulgenza plenaria viene concessa ai <strong><em>&#8220;fedeli veramente pentiti<\/em><\/strong> che sono stati <strong><em>&#8220;durante l&#8217;Anno Santo, purificati dal sacramento della penitenza&#8221;.<\/em><\/strong> L&#8217;indulgenza \u00e8 quindi la remissione dei peccati gi\u00e0 perdonati nell&#8217;ambito del sacramento della riconciliazione. <\/p>\n\t\t\t\t\t\t\t\t<\/div>\n\t\t\t\t<\/div>\n\t\t\t\t<div class=\"elementor-element elementor-element-61bdb4f elementor-widget elementor-widget-text-editor\" data-id=\"61bdb4f\" data-element_type=\"widget\" data-e-type=\"widget\" data-widget_type=\"text-editor.default\">\n\t\t\t\t<div class=\"elementor-widget-container\">\n\t\t\t\t\t\t\t\t\t<p>***********************************************************<\/p>\n\t\t\t\t\t\t\t\t<\/div>\n\t\t\t\t<\/div>\n\t\t\t\t<div class=\"elementor-element elementor-element-4a12bbd elementor-widget elementor-widget-text-editor\" data-id=\"4a12bbd\" data-element_type=\"widget\" data-e-type=\"widget\" data-widget_type=\"text-editor.default\">\n\t\t\t\t<div class=\"elementor-widget-container\">\n\t\t\t\t\t\t\t\t\t<ul>\n<li><strong>Si pu\u00f2 ricevere l&#8217;indulgenza plenaria pi\u00f9 di una volta?<\/strong><\/li>\n<\/ul>\t\t\t\t\t\t\t\t<\/div>\n\t\t\t\t<\/div>\n\t\t\t\t<div class=\"elementor-element elementor-element-c8d6eb8 elementor-widget elementor-widget-text-editor\" data-id=\"c8d6eb8\" data-element_type=\"widget\" data-e-type=\"widget\" data-widget_type=\"text-editor.default\">\n\t\t\t\t<div class=\"elementor-widget-container\">\n\t\t\t\t\t\t\t\t\t<p>Il Vaticano indica che l&#8217;indulgenza plenaria pu\u00f2, a determinate condizioni, essere ricevuta &#8220;quotidianamente&#8221;: <strong><em>&#8220;Rispettando le condizioni spirituali, sacramentali e di preghiera, i fedeli potranno certamente riprodurre tali visite durante l&#8217;Anno Santo e ricevere cos\u00ec ogni volta, e anche quotidianamente, l&#8217;Indulgenza Plenaria&#8221;.<\/em><\/strong><\/p>\n<p><\/p>\n<p>Le indulgenze plenarie sono talvolta difficili da comprendere. Retaggio della lunga e talvolta tumultuosa storia del cattolicesimo (c&#8217;\u00e8 stata la &#8220;disputa delle indulgenze&#8221; nel XVI secolo), possono dare l&#8217;impressione di qualcosa di magico. Come se il perdono di Dio fosse concesso automaticamente, secondo una serie di istruzioni.  <\/p>\n<p><\/p>\n<p>La proposta della Chiesa pu\u00f2 essere vista come una pedagogia. La concessione dell&#8217;indulgenza plenaria \u00e8 un invito a intraprendere un viaggio spirituale, guidato dal desiderio di avvicinarsi a Dio. Tutti i gesti e i riti proposti dalla Chiesa cattolica per ottenere l&#8217;indulgenza plenaria, come l&#8217;aiuto ai pi\u00f9 vulnerabili, incoraggiano l&#8217;apertura verso gli altri e una disposizione speciale a sperimentare l&#8217;amore di Dio.  <\/p>\t\t\t\t\t\t\t\t<\/div>\n\t\t\t\t<\/div>\n\t\t\t\t<div class=\"elementor-element elementor-element-0524d3e elementor-widget elementor-widget-text-editor\" data-id=\"0524d3e\" data-element_type=\"widget\" data-e-type=\"widget\" data-widget_type=\"text-editor.default\">\n\t\t\t\t<div class=\"elementor-widget-container\">\n\t\t\t\t\t\t\t\t\t<p>***********************************************************<\/p>\n\t\t\t\t\t\t\t\t<\/div>\n\t\t\t\t<\/div>\n\t\t\t\t<div class=\"elementor-element elementor-element-9491a4c elementor-widget elementor-widget-text-editor\" data-id=\"9491a4c\" data-element_type=\"widget\" data-e-type=\"widget\" data-widget_type=\"text-editor.default\">\n\t\t\t\t<div class=\"elementor-widget-container\">\n\t\t\t\t\t\t\t\t\t<ul>\n<li><strong>Come posso ottenere l&#8217;indulgenza plenaria?<\/strong><\/li>\n<\/ul>\t\t\t\t\t\t\t\t<\/div>\n\t\t\t\t<\/div>\n\t\t\t\t<div class=\"elementor-element elementor-element-8625cd5 elementor-widget elementor-widget-text-editor\" data-id=\"8625cd5\" data-element_type=\"widget\" data-e-type=\"widget\" data-widget_type=\"text-editor.default\">\n\t\t\t\t<div class=\"elementor-widget-container\">\n\t\t\t\t\t\t\t\t\t<p>Oltre alla confessione, i fedeli che desiderano ottenere l&#8217;indulgenza plenaria dovranno compiere una serie di altri passi: praticare i sacramenti, andare a Messa, ricevere la Santa Comunione, andare in pellegrinaggio, compiere quelle che la Chiesa cattolica chiama &#8220;opere di misericordia&#8221; e seguire una formazione.<\/p>\n<p><\/p>\t\t\t\t\t\t\t\t<\/div>\n\t\t\t\t<\/div>\n\t\t\t\t<div class=\"elementor-element elementor-element-0d36e3d elementor-widget elementor-widget-text-editor\" data-id=\"0d36e3d\" data-element_type=\"widget\" data-e-type=\"widget\" data-widget_type=\"text-editor.default\">\n\t\t\t\t<div class=\"elementor-widget-container\">\n\t\t\t\t\t\t\t\t\t<p>***********************************************************<\/p>\n\t\t\t\t\t\t\t\t<\/div>\n\t\t\t\t<\/div>\n\t\t\t\t<div class=\"elementor-element elementor-element-7f6b7ee elementor-widget elementor-widget-image\" data-id=\"7f6b7ee\" data-element_type=\"widget\" data-e-type=\"widget\" data-widget_type=\"image.default\">\n\t\t\t\t<div class=\"elementor-widget-container\">\n\t\t\t\t\t\t\t\t\t\t\t\t\t\t\t<img decoding=\"async\" width=\"750\" height=\"422\" src=\"https:\/\/www.chapelle-sainte-rita.com\/wp-content\/uploads\/2025\/01\/cq5dam.thumbnail.cropped.750.422.png\" class=\"attachment-large size-large wp-image-10238\" alt=\"\" srcset=\"https:\/\/www.chapelle-sainte-rita.com\/wp-content\/uploads\/2025\/01\/cq5dam.thumbnail.cropped.750.422.png 750w, https:\/\/www.chapelle-sainte-rita.com\/wp-content\/uploads\/2025\/01\/cq5dam.thumbnail.cropped.750.422-300x169.png 300w\" sizes=\"(max-width: 750px) 100vw, 750px\" \/>\t\t\t\t\t\t\t\t\t\t\t\t\t\t\t<\/div>\n\t\t\t\t<\/div>\n\t\t\t\t<div class=\"elementor-element elementor-element-3598875 elementor-widget elementor-widget-text-editor\" data-id=\"3598875\" data-element_type=\"widget\" data-e-type=\"widget\" data-widget_type=\"text-editor.default\">\n\t\t\t\t<div class=\"elementor-widget-container\">\n\t\t\t\t\t\t\t\t\t<ul>\n<li><strong>Luoghi di pellegrinaggio del Giubileo<\/strong><\/li>\n<\/ul>\t\t\t\t\t\t\t\t<\/div>\n\t\t\t\t<\/div>\n\t\t\t\t<div class=\"elementor-element elementor-element-f4cd50b elementor-widget elementor-widget-text-editor\" data-id=\"f4cd50b\" data-element_type=\"widget\" data-e-type=\"widget\" data-widget_type=\"text-editor.default\">\n\t\t\t\t<div class=\"elementor-widget-container\">\n\t\t\t\t\t\t\t\t\t<p>Nella sua bolla di indizione, Papa Francesco insiste sul concetto di pellegrinaggio. Infatti, il tema del Giubileo 2025 \u00e8 &#8220;Pellegrini di speranza&#8221;. Secondo la Penitenzieria Apostolica, <strong><em>&#8220;viene concessa l&#8217;indulgenza plenaria se i fedeli si recano in pellegrinaggio in qualsiasi luogo collegato al Giubileo&#8221;.<\/em><\/strong>  <\/p>\n<p><\/p>\n<p>I luoghi di pellegrinaggio sono le quattro basiliche papali di Roma (San Pietro in Vaticano, San Giovanni in Laterano, Santa Maria Maggiore e San Paolo fuori le Mura). Si prevede che circa 40 milioni di fedeli le visiteranno nel 2025. <\/p>\n<p><\/p>\n<p>Altri luoghi legati al Giubileo sono le tre basiliche in Terra Santa: la Basilica del Santo Sepolcro a Gerusalemme, la Basilica della Nativit\u00e0 a Betlemme e la Basilica dell&#8217;Annunciazione a Nazareth. Al di fuori di Roma e della Terra Santa, anche i santuari e le cattedrali mariane sono luoghi di pellegrinaggio associati al Giubileo. Oltre a una serie di luoghi stabiliti dalle Conferenze Episcopali di ciascun paese.  <\/p>\t\t\t\t\t\t\t\t<\/div>\n\t\t\t\t<\/div>\n\t\t\t\t<div class=\"elementor-element elementor-element-3e633f8 elementor-widget elementor-widget-text-editor\" data-id=\"3e633f8\" data-element_type=\"widget\" data-e-type=\"widget\" data-widget_type=\"text-editor.default\">\n\t\t\t\t<div class=\"elementor-widget-container\">\n\t\t\t\t\t\t\t\t\t<p>***********************************************************<\/p>\n\t\t\t\t\t\t\t\t<\/div>\n\t\t\t\t<\/div>\n\t\t\t\t<div class=\"elementor-element elementor-element-748077d elementor-widget elementor-widget-text-editor\" data-id=\"748077d\" data-element_type=\"widget\" data-e-type=\"widget\" data-widget_type=\"text-editor.default\">\n\t\t\t\t<div class=\"elementor-widget-container\">\n\t\t\t\t\t\t\t\t\t<ul>\n<li><strong>Che cos&#8217;\u00e8 un&#8217;opera di misericordia?<\/strong><\/li>\n<\/ul>\t\t\t\t\t\t\t\t<\/div>\n\t\t\t\t<\/div>\n\t\t\t\t<div class=\"elementor-element elementor-element-c51d713 elementor-widget elementor-widget-text-editor\" data-id=\"c51d713\" data-element_type=\"widget\" data-e-type=\"widget\" data-widget_type=\"text-editor.default\">\n\t\t\t\t<div class=\"elementor-widget-container\">\n\t\t\t\t\t\t\t\t\t<p>La Chiesa cattolica utilizza il termine &#8220;opere di misericordia&#8221; per descrivere l&#8217;attenzione e l&#8217;aiuto prestato agli altri. &#8220;I fedeli potranno beneficiare dell&#8217;Indulgenza giubilare visitando, per un periodo di tempo sufficiente, persone in difficolt\u00e0 (infermi, carcerati, anziani isolati, disabili, ecc.), completando cos\u00ec un pellegrinaggio verso Cristo presente in loro&#8221;. <\/p>\n\t\t\t\t\t\t\t\t<\/div>\n\t\t\t\t<\/div>\n\t\t\t\t<div class=\"elementor-element elementor-element-28e9ad3 elementor-widget elementor-widget-text-editor\" data-id=\"28e9ad3\" data-element_type=\"widget\" data-e-type=\"widget\" data-widget_type=\"text-editor.default\">\n\t\t\t\t<div class=\"elementor-widget-container\">\n\t\t\t\t\t\t\t\t\t<p>***********************************************************<\/p>\n\t\t\t\t\t\t\t\t<\/div>\n\t\t\t\t<\/div>\n\t\t\t\t<div class=\"elementor-element elementor-element-a994bcd elementor-widget elementor-widget-text-editor\" data-id=\"a994bcd\" data-element_type=\"widget\" data-e-type=\"widget\" data-widget_type=\"text-editor.default\">\n\t\t\t\t<div class=\"elementor-widget-container\">\n\t\t\t\t\t\t\t\t\t<ul>\n<li><strong>Istruzione: lettura di testi della Chiesa cattolica<\/strong><\/li>\n<\/ul>\t\t\t\t\t\t\t\t<\/div>\n\t\t\t\t<\/div>\n\t\t\t\t<div class=\"elementor-element elementor-element-ebf2366 elementor-widget elementor-widget-text-editor\" data-id=\"ebf2366\" data-element_type=\"widget\" data-e-type=\"widget\" data-widget_type=\"text-editor.default\">\n\t\t\t\t<div class=\"elementor-widget-container\">\n\t\t\t\t\t\t\t\t\t<p>L&#8217;anno 2025 sar\u00e0 segnato anche dal 60\u00b0 anniversario della fine del Concilio Vaticano II, conclusosi l&#8217;8 dicembre 1965. Nella sua nota, la Penitenzieria Apostolica incoraggia i fedeli che desiderano ottenere l&#8217;indulgenza plenaria a studiare in particolare i testi del Concilio. <\/p>\n<p><\/p>\n<p> <\/p>\t\t\t\t\t\t\t\t<\/div>\n\t\t\t\t<\/div>\n\t\t\t\t\t<\/div>\n\t\t\t\t<\/div>\n\t\t<div class=\"elementor-element elementor-element-1996d99 e-flex e-con-boxed e-con e-parent\" data-id=\"1996d99\" data-element_type=\"container\" data-e-type=\"container\">\n\t\t\t\t\t<div class=\"e-con-inner\">\n\t\t\t\t<div class=\"elementor-element elementor-element-de0cebf elementor-widget__width-initial elementor-widget elementor-widget-image\" data-id=\"de0cebf\" data-element_type=\"widget\" data-e-type=\"widget\" data-widget_type=\"image.default\">\n\t\t\t\t<div class=\"elementor-widget-container\">\n\t\t\t\t\t\t\t\t\t\t\t\t\t\t\t<img decoding=\"async\" src=\"https:\/\/www.chapelle-sainte-rita.com\/wp-content\/uploads\/2025\/01\/concilio_vaticano-1.jpg\" title=\"\" alt=\"\" loading=\"lazy\" \/>\t\t\t\t\t\t\t\t\t\t\t\t\t\t\t<\/div>\n\t\t\t\t<\/div>\n\t\t\t\t\t<\/div>\n\t\t\t\t<\/div>\n\t\t\t\t<\/div>\n\t\t","protected":false},"excerpt":{"rendered":"<p>Il significato spirituale dell&#8217;indulgenza L&#8217;indulgenza \u00e8 una manifestazione concreta della misericordia di Dio che supera i limiti della giustizia umana e li trasforma. L&#8217;indulgenza rivela il modo di agire di Dio: Egli riordina tutta la storia, tutta la nostra storia, secondo il suo amore. In francese, la parola &#8220;indulgenza &#8221; porta con s\u00e9 una connotazione [&hellip;]<\/p>\n","protected":false},"author":1,"featured_media":0,"parent":0,"menu_order":0,"comment_status":"closed","ping_status":"closed","template":"","meta":{"footnotes":""},"class_list":["post-11596","page","type-page","status-publish","hentry"],"_links":{"self":[{"href":"https:\/\/www.chapelle-sainte-rita.com\/it\/wp-json\/wp\/v2\/pages\/11596","targetHints":{"allow":["GET"]}}],"collection":[{"href":"https:\/\/www.chapelle-sainte-rita.com\/it\/wp-json\/wp\/v2\/pages"}],"about":[{"href":"https:\/\/www.chapelle-sainte-rita.com\/it\/wp-json\/wp\/v2\/types\/page"}],"author":[{"embeddable":true,"href":"https:\/\/www.chapelle-sainte-rita.com\/it\/wp-json\/wp\/v2\/users\/1"}],"replies":[{"embeddable":true,"href":"https:\/\/www.chapelle-sainte-rita.com\/it\/wp-json\/wp\/v2\/comments?post=11596"}],"version-history":[{"count":1,"href":"https:\/\/www.chapelle-sainte-rita.com\/it\/wp-json\/wp\/v2\/pages\/11596\/revisions"}],"predecessor-version":[{"id":11598,"href":"https:\/\/www.chapelle-sainte-rita.com\/it\/wp-json\/wp\/v2\/pages\/11596\/revisions\/11598"}],"wp:attachment":[{"href":"https:\/\/www.chapelle-sainte-rita.com\/it\/wp-json\/wp\/v2\/media?parent=11596"}],"curies":[{"name":"wp","href":"https:\/\/api.w.org\/{rel}","templated":true}]}}