{"id":11609,"date":"2025-01-17T22:33:40","date_gmt":"2025-01-17T21:33:40","guid":{"rendered":"https:\/\/www.chapelle-sainte-rita.com\/lanno-giubilare-le-sue-caratteristiche\/"},"modified":"2025-03-13T11:36:47","modified_gmt":"2025-03-13T10:36:47","slug":"lanno-giubilare-le-sue-caratteristiche","status":"publish","type":"page","link":"https:\/\/www.chapelle-sainte-rita.com\/it\/lanno-giubilare-le-sue-caratteristiche\/","title":{"rendered":"L&#8217;anno giubilare: le sue caratteristiche"},"content":{"rendered":"\t\t<div data-elementor-type=\"wp-page\" data-elementor-id=\"11609\" class=\"elementor elementor-11609 elementor-9961\" data-elementor-post-type=\"page\">\n\t\t\t\t<div class=\"elementor-element elementor-element-127b8a5 e-flex e-con-boxed e-con e-parent\" data-id=\"127b8a5\" data-element_type=\"container\" data-e-type=\"container\">\n\t\t\t\t\t<div class=\"e-con-inner\">\n\t\t\t\t<div class=\"elementor-element elementor-element-bc6c7d4 elementor-widget elementor-widget-text-editor\" data-id=\"bc6c7d4\" data-element_type=\"widget\" data-e-type=\"widget\" data-widget_type=\"text-editor.default\">\n\t\t\t\t<div class=\"elementor-widget-container\">\n\t\t\t\t\t\t\t\t\t<p>Ogni 25 anni, la Chiesa cattolica invita i suoi fedeli ad un &#8220;Anno Giubilare&#8221;, noto anche come Anno Santo. Questa tradizione risale al 1300 e viene celebrata a intervalli regolari, anche se ci sono stati anche Giubilei straordinari in altre occasioni per celebrare ricorrenze speciali.  <span style=\"background-color: transparent; color: var( --e-global-color-text ); font-family: var( --e-global-typography-text-font-family ), Sans-serif; font-weight: var( --e-global-typography-text-font-weight ); text-align: var(--text-align);\"> <\/span><\/p>\n\t\t\t\t\t\t\t\t<\/div>\n\t\t\t\t<\/div>\n\t\t\t\t<div class=\"elementor-element elementor-element-2495c90 elementor-widget elementor-widget-image\" data-id=\"2495c90\" data-element_type=\"widget\" data-e-type=\"widget\" data-widget_type=\"image.default\">\n\t\t\t\t<div class=\"elementor-widget-container\">\n\t\t\t\t\t\t\t\t\t\t\t\t\t\t\t<img fetchpriority=\"high\" decoding=\"async\" width=\"500\" height=\"281\" src=\"https:\/\/www.chapelle-sainte-rita.com\/wp-content\/uploads\/2025\/01\/cq5dam.thumbnail.cropped.500.281.jpeg\" class=\"attachment-large size-large wp-image-10248\" alt=\"\" srcset=\"https:\/\/www.chapelle-sainte-rita.com\/wp-content\/uploads\/2025\/01\/cq5dam.thumbnail.cropped.500.281.jpeg 500w, https:\/\/www.chapelle-sainte-rita.com\/wp-content\/uploads\/2025\/01\/cq5dam.thumbnail.cropped.500.281-300x169.jpeg 300w\" sizes=\"(max-width: 500px) 100vw, 500px\" \/>\t\t\t\t\t\t\t\t\t\t\t\t\t\t\t<\/div>\n\t\t\t\t<\/div>\n\t\t\t\t<div class=\"elementor-element elementor-element-a18ac67 elementor-widget elementor-widget-text-editor\" data-id=\"a18ac67\" data-element_type=\"widget\" data-e-type=\"widget\" data-widget_type=\"text-editor.default\">\n\t\t\t\t<div class=\"elementor-widget-container\">\n\t\t\t\t\t\t\t\t\t<p><strong>L&#8217;anno giubilare e le sue caratteristiche :<\/strong><\/p>\n<p><\/p>\t\t\t\t\t\t\t\t<\/div>\n\t\t\t\t<\/div>\n\t\t\t\t<div class=\"elementor-element elementor-element-3c89e97 elementor-widget elementor-widget-text-editor\" data-id=\"3c89e97\" data-element_type=\"widget\" data-e-type=\"widget\" data-widget_type=\"text-editor.default\">\n\t\t\t\t<div class=\"elementor-widget-container\">\n\t\t\t\t\t\t\t\t\t<p>1- <strong>Indulgenza plenaria <\/strong>:<\/p>\n\t\t\t\t\t\t\t\t<\/div>\n\t\t\t\t<\/div>\n\t\t\t\t<div class=\"elementor-element elementor-element-b7e1326 elementor-widget elementor-widget-text-editor\" data-id=\"b7e1326\" data-element_type=\"widget\" data-e-type=\"widget\" data-widget_type=\"text-editor.default\">\n\t\t\t\t<div class=\"elementor-widget-container\">\n\t\t\t\t\t\t\t\t\t<p>Una delle caratteristiche pi\u00f9 significative di un Anno Giubilare \u00e8 l&#8217;opportunit\u00e0 offerta ai fedeli di ottenere l&#8217;indulgenza plenaria. Questa indulgenza \u00e8 una remissione davanti a Dio della pena temporale dovuta per i peccati la cui colpa \u00e8 gi\u00e0 stata cancellata dal sacramento della riconciliazione. Per ottenere questa indulgenza, i fedeli devono eseguire <strong><u>determinate pratiche devozionali<\/u><\/strong>come la visita a determinate chiese o l&#8217;esecuzione di <strong><u>opere<\/u><\/strong> di misericordia, <strong><u>corporali o spirituali<\/u><\/strong>.  <\/p>\n\t\t\t\t\t\t\t\t<\/div>\n\t\t\t\t<\/div>\n\t\t\t\t<div class=\"elementor-element elementor-element-8d54c8e elementor-widget elementor-widget-text-editor\" data-id=\"8d54c8e\" data-element_type=\"widget\" data-e-type=\"widget\" data-widget_type=\"text-editor.default\">\n\t\t\t\t<div class=\"elementor-widget-container\">\n\t\t\t\t\t\t\t\t\t<p>La predicazione di Ges\u00f9 in Mt 25:35-36 dipinge un quadro di queste opere di misericordia, in modo che possiamo capire se stiamo vivendo come i suoi discepoli.  <\/p>\n\t\t\t\t\t\t\t\t<\/div>\n\t\t\t\t<\/div>\n\t\t\t\t<div class=\"elementor-element elementor-element-067890b elementor-widget elementor-widget-text-editor\" data-id=\"067890b\" data-element_type=\"widget\" data-e-type=\"widget\" data-widget_type=\"text-editor.default\">\n\t\t\t\t<div class=\"elementor-widget-container\">\n\t\t\t\t\t\t\t\t\t<p>Riscoprire le <strong><u>opere<\/u><\/strong> di <strong><u>misericordia corporale<\/u><\/strong> :<\/p>\n<p><\/p>\n<ul class=\"wp-block-list\">\n<li style=\"list-style-type: none;\">\n<ul class=\"wp-block-list\"><\/ul>\n<\/li>\n<\/ul>\n<p> <\/p>\n<ul class=\"wp-block-list\">\n<li style=\"list-style-type: none;\">\n<ul class=\"wp-block-list\">\n<li>Nutrire gli affamati,  <\/li>\n<\/ul>\n<\/li>\n<\/ul>\n<p><\/p>\n<ul class=\"wp-block-list\">\n<li style=\"list-style-type: none;\">\n<ul class=\"wp-block-list\">\n<li>Dai da bere agli assetati,  <\/li>\n<\/ul>\n<\/li>\n<\/ul>\n<p><\/p>\n<ul class=\"wp-block-list\">\n<li style=\"list-style-type: none;\">\n<ul class=\"wp-block-list\">\n<li>Vesti gli ignudi,  <\/li>\n<\/ul>\n<\/li>\n<\/ul>\n<p><\/p>\n<ul class=\"wp-block-list\">\n<li style=\"list-style-type: none;\">\n<ul class=\"wp-block-list\">\n<li>Accogliere gli stranieri,<\/li>\n<\/ul>\n<\/li>\n<\/ul>\n<p><\/p>\n<ul class=\"wp-block-list\">\n<li style=\"list-style-type: none;\">\n<ul class=\"wp-block-list\">\n<li>Assistere i pazienti,  <\/li>\n<\/ul>\n<\/li>\n<\/ul>\n<p><\/p>\n<ul class=\"wp-block-list\">\n<li style=\"list-style-type: none;\">\n<ul class=\"wp-block-list\">\n<li>Visita ai detenuti,  <\/li>\n<\/ul>\n<\/li>\n<\/ul>\n<p><\/p>\n<ul class=\"wp-block-list\">\n<li style=\"list-style-type: none;\">\n<ul class=\"wp-block-list\">\n<li>Seppellire i morti.  <\/li>\n<\/ul>\n<\/li>\n<\/ul>\n<p> <\/p>\n<p>E non dimentichiamo le <strong><u>opere<\/u><\/strong> di <strong><u>mis<\/u><\/strong><strong><u>misericordia spirituale<\/u><\/strong> :<\/p>\n<p><\/p>\n<ul class=\"wp-block-list\">\n<li style=\"list-style-type: none;\">\n<ul class=\"wp-block-list\"><\/ul>\n<\/li>\n<\/ul>\n<p> <\/p>\n<ul class=\"wp-block-list\">\n<li style=\"list-style-type: none;\">\n<ul class=\"wp-block-list\">\n<li>Consigliare chi ha dei dubbi,  <\/li>\n<\/ul>\n<\/li>\n<\/ul>\n<p><\/p>\n<ul class=\"wp-block-list\">\n<li style=\"list-style-type: none;\">\n<ul class=\"wp-block-list\">\n<li>Insegnare agli ignoranti,  <\/li>\n<\/ul>\n<\/li>\n<\/ul>\n<p><\/p>\n<ul class=\"wp-block-list\">\n<li style=\"list-style-type: none;\">\n<ul class=\"wp-block-list\">\n<li>Avverti i peccatori,  <\/li>\n<\/ul>\n<\/li>\n<\/ul>\n<p><\/p>\n<ul class=\"wp-block-list\">\n<li style=\"list-style-type: none;\">\n<ul class=\"wp-block-list\">\n<li>Consolare gli afflitti,<\/li>\n<\/ul>\n<\/li>\n<\/ul>\n<p><\/p>\n<ul class=\"wp-block-list\">\n<li style=\"list-style-type: none;\">\n<ul class=\"wp-block-list\">\n<li>Perdonare le offese,  <\/li>\n<\/ul>\n<\/li>\n<\/ul>\n<p><\/p>\n<ul class=\"wp-block-list\">\n<li style=\"list-style-type: none;\">\n<ul class=\"wp-block-list\">\n<li>Sopporta pazientemente le persone fastidiose,  <\/li>\n<\/ul>\n<\/li>\n<\/ul>\n<p><\/p>\n<ul class=\"wp-block-list\">\n<li style=\"list-style-type: none;\">\n<ul class=\"wp-block-list\">\n<li>Pregare Dio per i vivi e per i morti.  <\/li>\n<\/ul>\n<\/li>\n<\/ul>\t\t\t\t\t\t\t\t<\/div>\n\t\t\t\t<\/div>\n\t\t\t\t<div class=\"elementor-element elementor-element-eceb147 elementor-widget elementor-widget-text-editor\" data-id=\"eceb147\" data-element_type=\"widget\" data-e-type=\"widget\" data-widget_type=\"text-editor.default\">\n\t\t\t\t<div class=\"elementor-widget-container\">\n\t\t\t\t\t\t\t\t\t<p><b>&#8221;Non possiamo  <\/b><b>Abbiamo dato da mangiare agli affamati e da bere agli assetati? Avremo accolto il forestiero e vestito l&#8217;ignudo? Ci saremo presi il tempo di stare con i malati e i prigionieri?  <\/b><i>  (Cfr. Mt 25, 31-45).  <\/i><\/p>\n<ol class=\"wp-block-list\">\n<li style=\"list-style-type: none;\"> <\/li>\n<\/ol>\n<p><b><i>Allo stesso modo, ci verr\u00e0 chiesto se abbiamo aiutato a superare i dubbi che generano paura e spesso solitudine; se siamo stati in grado di superare l&#8217;ignoranza in cui vivono milioni di persone, soprattutto i bambini che sono privati dell&#8217;aiuto di cui hanno bisogno per essere liberati dalla povert\u00e0; se ci siamo fatti vicini a coloro che sono soli e afflitti; se abbiamo perdonato chi ci offende, se abbiamo rifiutato ogni forma di rancore e di odio che porta alla violenza, se siamo stati pazienti a immagine di Dio che \u00e8 cos\u00ec paziente con noi; se, infine, abbiamo affidato i nostri fratelli e sorelle al Signore nella preghiera. \u00c8 in ognuno di questi &#8220;minimi&#8221; che Cristo \u00e8 presente. La sua carne torna ad essere visibile come un corpo torturato, ferito, flagellato, affamato, smarrito&#8230; per essere riconosciuto da noi, toccato e curato. Non dimentichiamo le parole di San Giovanni della Croce: &#8220;Alla sera della nostra vita, saremo giudicati dall&#8217;amore&#8221;.   <\/i><\/b>  (Papa Francesco, &#8220;Misericordiae Vultus&#8221;, \u00a7 15)<\/p>\n\t\t\t\t\t\t\t\t<\/div>\n\t\t\t\t<\/div>\n\t\t\t\t<div class=\"elementor-element elementor-element-3a9c9ab elementor-widget elementor-widget-text-editor\" data-id=\"3a9c9ab\" data-element_type=\"widget\" data-e-type=\"widget\" data-widget_type=\"text-editor.default\">\n\t\t\t\t<div class=\"elementor-widget-container\">\n\t\t\t\t\t\t\t\t\t<p>2- <strong>Apertura della Porta Santa <\/strong>:<\/p>\n\t\t\t\t\t\t\t\t<\/div>\n\t\t\t\t<\/div>\n\t\t\t\t\t<\/div>\n\t\t\t\t<\/div>\n\t\t<div class=\"elementor-element elementor-element-9de0339 e-flex e-con-boxed e-con e-parent\" data-id=\"9de0339\" data-element_type=\"container\" data-e-type=\"container\">\n\t\t\t\t\t<div class=\"e-con-inner\">\n\t\t\t\t<div class=\"elementor-element elementor-element-2e5c269 elementor-widget elementor-widget-text-editor\" data-id=\"2e5c269\" data-element_type=\"widget\" data-e-type=\"widget\" data-widget_type=\"text-editor.default\">\n\t\t\t\t<div class=\"elementor-widget-container\">\n\t\t\t\t\t\t\t\t\t<p>A Roma, l&#8217;inizio dell&#8217;Anno Giubilare \u00e8 segnato dall&#8217;apertura della Porta Santa della Basilica di San Pietro da parte del Papa. Questa porta \u00e8 solitamente sigillata e viene aperta solo durante gli anni del Giubileo. <strong>Attraversare la Porta Santa simboleggia il pentimento e il passaggio a una vita nuova e pi\u00f9 santa<\/strong>. <\/p>\n\t\t\t\t\t\t\t\t<\/div>\n\t\t\t\t<\/div>\n\t\t\t\t\t<\/div>\n\t\t\t\t<\/div>\n\t\t<div class=\"elementor-element elementor-element-5041ce78 e-flex e-con-boxed e-con e-parent\" data-id=\"5041ce78\" data-element_type=\"container\" data-e-type=\"container\">\n\t\t\t\t\t<div class=\"e-con-inner\">\n\t\t\t\t<div class=\"elementor-element elementor-element-e13cb64 elementor-widget elementor-widget-text-editor\" data-id=\"e13cb64\" data-element_type=\"widget\" data-e-type=\"widget\" data-widget_type=\"text-editor.default\">\n\t\t\t\t<div class=\"elementor-widget-container\">\n\t\t\t\t\t\t\t\t\t<p><strong>3- Invito alla conversione e alla riconciliazione :<\/strong><\/p>\n\t\t\t\t\t\t\t\t<\/div>\n\t\t\t\t<\/div>\n\t\t\t\t<div class=\"elementor-element elementor-element-38fddd5 elementor-widget elementor-widget-text-editor\" data-id=\"38fddd5\" data-element_type=\"widget\" data-e-type=\"widget\" data-widget_type=\"text-editor.default\">\n\t\t\t\t<div class=\"elementor-widget-container\">\n\t\t\t\t\t\t\t\t\t<p>  Il Giubileo \u00e8 un periodo in cui la Chiesa pone particolare enfasi sulla <strong>conversione<\/strong>, la <strong>riconciliazione<\/strong> e la <strong>penitenza<\/strong>. \u00c8 un momento per riflettere sulla <strong>misericordia di Dio<\/strong> e per <strong>cercare di avvicinarsi a Lui<\/strong>. <\/p>\n\t\t\t\t\t\t\t\t<\/div>\n\t\t\t\t<\/div>\n\t\t\t\t<div class=\"elementor-element elementor-element-b1bbc9d elementor-widget__width-initial elementor-widget elementor-widget-image\" data-id=\"b1bbc9d\" data-element_type=\"widget\" data-e-type=\"widget\" data-widget_type=\"image.default\">\n\t\t\t\t<div class=\"elementor-widget-container\">\n\t\t\t\t\t\t\t\t\t\t\t\t\t\t\t<img decoding=\"async\" width=\"760\" height=\"507\" src=\"https:\/\/www.chapelle-sainte-rita.com\/wp-content\/uploads\/2025\/01\/shutterstock_1453604594_1711004281.webp\" class=\"attachment-large size-large wp-image-10209\" alt=\"\" srcset=\"https:\/\/www.chapelle-sainte-rita.com\/wp-content\/uploads\/2025\/01\/shutterstock_1453604594_1711004281.webp 760w, https:\/\/www.chapelle-sainte-rita.com\/wp-content\/uploads\/2025\/01\/shutterstock_1453604594_1711004281-300x200.webp 300w\" sizes=\"(max-width: 760px) 100vw, 760px\" \/>\t\t\t\t\t\t\t\t\t\t\t\t\t\t\t<\/div>\n\t\t\t\t<\/div>\n\t\t\t\t<div class=\"elementor-element elementor-element-361ae90 elementor-widget elementor-widget-text-editor\" data-id=\"361ae90\" data-element_type=\"widget\" data-e-type=\"widget\" data-widget_type=\"text-editor.default\">\n\t\t\t\t<div class=\"elementor-widget-container\">\n\t\t\t\t\t\t\t\t\t<p>4- <strong>Pellegrinaggio <\/strong>:<\/p>\n\t\t\t\t\t\t\t\t<\/div>\n\t\t\t\t<\/div>\n\t\t\t\t<div class=\"elementor-element elementor-element-af8463a elementor-widget elementor-widget-text-editor\" data-id=\"af8463a\" data-element_type=\"widget\" data-e-type=\"widget\" data-widget_type=\"text-editor.default\">\n\t\t\t\t<div class=\"elementor-widget-container\">\n\t\t\t\t\t\t\t\t\t<p>Tradizionalmente, l&#8217;Anno Giubilare \u00e8 un momento in cui i fedeli sono incoraggiati a intraprendere un <strong>pellegrinaggio<\/strong>, in particolare a Roma, per vivere una profonda esperienza spirituale. \u00c8 <strong>un momento di preghiera, meditazione e rinnovamento spirituale<\/strong>.<\/p>\n\t\t\t\t\t\t\t\t<\/div>\n\t\t\t\t<\/div>\n\t\t\t\t<div class=\"elementor-element elementor-element-79d1b2d elementor-widget elementor-widget-text-editor\" data-id=\"79d1b2d\" data-element_type=\"widget\" data-e-type=\"widget\" data-widget_type=\"text-editor.default\">\n\t\t\t\t<div class=\"elementor-widget-container\">\n\t\t\t\t\t\t\t\t\t<p>5- <strong>Argomenti specifici <\/strong>:<\/p>\n\t\t\t\t\t\t\t\t<\/div>\n\t\t\t\t<\/div>\n\t\t\t\t<div class=\"elementor-element elementor-element-909869c elementor-widget elementor-widget-text-editor\" data-id=\"909869c\" data-element_type=\"widget\" data-e-type=\"widget\" data-widget_type=\"text-editor.default\">\n\t\t\t\t<div class=\"elementor-widget-container\">\n\t\t\t\t\t\t\t\t\t<p>Ogni Anno Giubilare pu\u00f2 avere un tema specifico, definito dal Papa, che guida le riflessioni e le attivit\u00e0 dell&#8217;anno. Ad esempio, per l&#8217;Anno Giubilare 2025, il tema \u00e8 <strong><em>&#8220;Pellegrini di speranza&#8221;.<\/em><\/strong> <\/p>\n\t\t\t\t\t\t\t\t<\/div>\n\t\t\t\t<\/div>\n\t\t\t\t<div class=\"elementor-element elementor-element-17e48d3 elementor-widget elementor-widget-image\" data-id=\"17e48d3\" data-element_type=\"widget\" data-e-type=\"widget\" data-widget_type=\"image.default\">\n\t\t\t\t<div class=\"elementor-widget-container\">\n\t\t\t\t\t\t\t\t\t\t\t\t\t\t\t<img decoding=\"async\" width=\"800\" height=\"450\" src=\"https:\/\/www.chapelle-sainte-rita.com\/wp-content\/uploads\/2025\/01\/cq5dam.thumbnail.cropped.1500.844-1024x576.jpeg\" class=\"attachment-large size-large wp-image-10195\" alt=\"\" srcset=\"https:\/\/www.chapelle-sainte-rita.com\/wp-content\/uploads\/2025\/01\/cq5dam.thumbnail.cropped.1500.844-1024x576.jpeg 1024w, https:\/\/www.chapelle-sainte-rita.com\/wp-content\/uploads\/2025\/01\/cq5dam.thumbnail.cropped.1500.844-300x169.jpeg 300w, https:\/\/www.chapelle-sainte-rita.com\/wp-content\/uploads\/2025\/01\/cq5dam.thumbnail.cropped.1500.844-768x432.jpeg 768w, https:\/\/www.chapelle-sainte-rita.com\/wp-content\/uploads\/2025\/01\/cq5dam.thumbnail.cropped.1500.844.jpeg 1500w\" sizes=\"(max-width: 800px) 100vw, 800px\" \/>\t\t\t\t\t\t\t\t\t\t\t\t\t\t\t<\/div>\n\t\t\t\t<\/div>\n\t\t\t\t<div class=\"elementor-element elementor-element-5f6ad61e elementor-widget elementor-widget-text-editor\" data-id=\"5f6ad61e\" data-element_type=\"widget\" data-e-type=\"widget\" data-widget_type=\"text-editor.default\">\n\t\t\t\t<div class=\"elementor-widget-container\">\n\t\t\t\t\t\t\t\t\t<p><strong>L&#8217;Anno Giubilare nel tempo<\/strong><\/p>\n<p>Nel corso dei secoli, l&#8217;anno giubilare si \u00e8 evoluto, influenzando vari aspetti della societ\u00e0. I giubilei pi\u00f9 importanti hanno lasciato un&#8217;impronta duratura, diventando momenti chiave di trasformazione e rinascita spirituale e sociale. Queste celebrazioni hanno plasmato la storia, segnando l&#8217;evoluzione della fede e delle pratiche religiose nel corso dei secoli.  <\/p>\n<p>Oggi l&#8217;Anno Giubilare rimane un momento di profonda riflessione. Invita alla contemplazione, alla riconciliazione e al rinnovamento, offrendo una gradita pausa dal ritmo frenetico della vita moderna. <\/p>\n\t\t\t\t\t\t\t\t<\/div>\n\t\t\t\t<\/div>\n\t\t\t\t\t<\/div>\n\t\t\t\t<\/div>\n\t\t<div class=\"elementor-element elementor-element-ee4653f e-flex e-con-boxed e-con e-parent\" data-id=\"ee4653f\" data-element_type=\"container\" data-e-type=\"container\">\n\t\t\t\t\t<div class=\"e-con-inner\">\n\t\t\t\t<div class=\"elementor-element elementor-element-b183bc5 elementor-widget elementor-widget-text-editor\" data-id=\"b183bc5\" data-element_type=\"widget\" data-e-type=\"widget\" data-widget_type=\"text-editor.default\">\n\t\t\t\t<div class=\"elementor-widget-container\">\n\t\t\t\t\t\t\t\t\t<p>Rif. \/ Itinerari biblici : <\/p>\n<figure class=\"wp-block-embed\">\n<div class=\"wp-block-embed__wrapper\">https:\/\/www.routesbibliques.fr\/actualites\/histoire-annee-jubilaire-rome<\/div>\n<\/figure>\n\t\t\t\t\t\t\t\t<\/div>\n\t\t\t\t<\/div>\n\t\t\t\t\t<\/div>\n\t\t\t\t<\/div>\n\t\t<div class=\"elementor-element elementor-element-04df9f8 e-flex e-con-boxed e-con e-parent\" data-id=\"04df9f8\" data-element_type=\"container\" data-e-type=\"container\">\n\t\t\t\t\t<div class=\"e-con-inner\">\n\t\t\t\t\t<\/div>\n\t\t\t\t<\/div>\n\t\t\t\t<\/div>\n\t\t","protected":false},"excerpt":{"rendered":"<p>Ogni 25 anni, la Chiesa cattolica invita i suoi fedeli ad un &#8220;Anno Giubilare&#8221;, noto anche come Anno Santo. Questa tradizione risale al 1300 e viene celebrata a intervalli regolari, anche se ci sono stati anche Giubilei straordinari in altre occasioni per celebrare ricorrenze speciali. L&#8217;anno giubilare e le sue caratteristiche : 1- Indulgenza plenaria [&hellip;]<\/p>\n","protected":false},"author":1,"featured_media":0,"parent":0,"menu_order":0,"comment_status":"closed","ping_status":"closed","template":"","meta":{"footnotes":""},"class_list":["post-11609","page","type-page","status-publish","hentry"],"_links":{"self":[{"href":"https:\/\/www.chapelle-sainte-rita.com\/it\/wp-json\/wp\/v2\/pages\/11609","targetHints":{"allow":["GET"]}}],"collection":[{"href":"https:\/\/www.chapelle-sainte-rita.com\/it\/wp-json\/wp\/v2\/pages"}],"about":[{"href":"https:\/\/www.chapelle-sainte-rita.com\/it\/wp-json\/wp\/v2\/types\/page"}],"author":[{"embeddable":true,"href":"https:\/\/www.chapelle-sainte-rita.com\/it\/wp-json\/wp\/v2\/users\/1"}],"replies":[{"embeddable":true,"href":"https:\/\/www.chapelle-sainte-rita.com\/it\/wp-json\/wp\/v2\/comments?post=11609"}],"version-history":[{"count":1,"href":"https:\/\/www.chapelle-sainte-rita.com\/it\/wp-json\/wp\/v2\/pages\/11609\/revisions"}],"predecessor-version":[{"id":11610,"href":"https:\/\/www.chapelle-sainte-rita.com\/it\/wp-json\/wp\/v2\/pages\/11609\/revisions\/11610"}],"wp:attachment":[{"href":"https:\/\/www.chapelle-sainte-rita.com\/it\/wp-json\/wp\/v2\/media?parent=11609"}],"curies":[{"name":"wp","href":"https:\/\/api.w.org\/{rel}","templated":true}]}}