{"id":6308,"date":"2024-08-19T16:58:16","date_gmt":"2024-08-19T14:58:16","guid":{"rendered":"https:\/\/www.chapelle-sainte-rita.com\/menzione\/"},"modified":"2024-12-09T10:26:52","modified_gmt":"2024-12-09T09:26:52","slug":"menzione","status":"publish","type":"page","link":"https:\/\/www.chapelle-sainte-rita.com\/it\/menzione\/","title":{"rendered":"Menzione"},"content":{"rendered":"\t\t<div data-elementor-type=\"wp-page\" data-elementor-id=\"6308\" class=\"elementor elementor-6308 elementor-3986\" data-elementor-post-type=\"page\">\n\t\t\t\t<div class=\"elementor-element elementor-element-0cd82c6 e-flex e-con-boxed e-con e-parent\" data-id=\"0cd82c6\" data-element_type=\"container\" data-e-type=\"container\">\n\t\t\t\t\t<div class=\"e-con-inner\">\n\t\t\t\t<div class=\"elementor-element elementor-element-4940aca elementor-widget elementor-widget-heading\" data-id=\"4940aca\" data-element_type=\"widget\" data-e-type=\"widget\" data-widget_type=\"heading.default\">\n\t\t\t\t<div class=\"elementor-widget-container\">\n\t\t\t\t\t<h2 class=\"elementor-heading-title elementor-size-default\">1. Presentazione del sito<\/h2>\t\t\t\t<\/div>\n\t\t\t\t<\/div>\n\t\t\t\t<div class=\"elementor-element elementor-element-77c1746 elementor-widget elementor-widget-text-editor\" data-id=\"77c1746\" data-element_type=\"widget\" data-e-type=\"widget\" data-widget_type=\"text-editor.default\">\n\t\t\t\t<div class=\"elementor-widget-container\">\n\t\t\t\t\t\t\t\t\t<p>Ai sensi dell&#8217;articolo 6 della legge n. 2004-575 del 21 giugno 2004 sulla fiducia nell&#8217;economia digitale, gli utenti del sito web della chapelle sainte rita sono informati dell&#8217;identit\u00e0 dei vari soggetti coinvolti nella sua creazione e nel suo aggiornamento:<\/p>\n<p>[O .M.V.]E<strong>ditore del sito web<\/strong>: Il sito web della Cappella Sainte Rita \u00e8 di propriet\u00e0 degli Oblati della Vergine Maria.<\/p>\n<p><strong>Direttore della pubblicazione: <\/strong>P. Fran\u00e7ois Victorin Lapointe omv.<\/p>\n<p><strong>Host del sito<\/strong>: OVH<\/p>\n\t\t\t\t\t\t\t\t<\/div>\n\t\t\t\t<\/div>\n\t\t\t\t\t<\/div>\n\t\t\t\t<\/div>\n\t\t<div class=\"elementor-element elementor-element-d9bd641 e-flex e-con-boxed e-con e-parent\" data-id=\"d9bd641\" data-element_type=\"container\" data-e-type=\"container\">\n\t\t\t\t\t<div class=\"e-con-inner\">\n\t\t\t\t<div class=\"elementor-element elementor-element-001668f elementor-widget elementor-widget-heading\" data-id=\"001668f\" data-element_type=\"widget\" data-e-type=\"widget\" data-widget_type=\"heading.default\">\n\t\t\t\t<div class=\"elementor-widget-container\">\n\t\t\t\t\t<h2 class=\"elementor-heading-title elementor-size-default\">2. Termini e condizioni generali di utilizzo del sito e dei servizi offerti<\/h2>\t\t\t\t<\/div>\n\t\t\t\t<\/div>\n\t\t\t\t<div class=\"elementor-element elementor-element-d5dba81 elementor-widget elementor-widget-text-editor\" data-id=\"d5dba81\" data-element_type=\"widget\" data-e-type=\"widget\" data-widget_type=\"text-editor.default\">\n\t\t\t\t<div class=\"elementor-widget-container\">\n\t\t\t\t\t\t\t\t\t<p>L&#8217;utilizzo del sito web della chapelle sainte rita implica la piena accettazione delle condizioni generali di utilizzo riportate di seguito. Le presenti condizioni d&#8217;uso possono essere modificate o integrate in qualsiasi momento; si consiglia pertanto agli utenti del sito web della chapelle sainte rita di consultarle regolarmente. <\/p>\n<p>Questo sito \u00e8 normalmente accessibile agli utenti in qualsiasi momento. Tuttavia, chapelle sainte rita pu\u00f2 decidere di interrompere il sito per motivi di manutenzione tecnica. In tal caso, chapelle sainte rita cercher\u00e0 di informare gli utenti sulle date e gli orari dell&#8217;intervento in anticipo. <\/p>\n<p>Il sito web della chapelle sainte rita viene aggiornato regolarmente da &#8230;&#8230;.. Allo stesso modo, le note legali possono essere modificate in qualsiasi momento: sono comunque vincolanti per l&#8217;utente, che \u00e8 invitato a consultarle il pi\u00f9 spesso possibile per prenderne visione. <\/p>\n\t\t\t\t\t\t\t\t<\/div>\n\t\t\t\t<\/div>\n\t\t\t\t\t<\/div>\n\t\t\t\t<\/div>\n\t\t<div class=\"elementor-element elementor-element-e7ed17e e-flex e-con-boxed e-con e-parent\" data-id=\"e7ed17e\" data-element_type=\"container\" data-e-type=\"container\">\n\t\t\t\t\t<div class=\"e-con-inner\">\n\t\t\t\t<div class=\"elementor-element elementor-element-fc2d8db elementor-widget elementor-widget-heading\" data-id=\"fc2d8db\" data-element_type=\"widget\" data-e-type=\"widget\" data-widget_type=\"heading.default\">\n\t\t\t\t<div class=\"elementor-widget-container\">\n\t\t\t\t\t<h2 class=\"elementor-heading-title elementor-size-default\">3. Descrizione dei servizi forniti<\/h2>\t\t\t\t<\/div>\n\t\t\t\t<\/div>\n\t\t\t\t<div class=\"elementor-element elementor-element-cb12f9a elementor-widget elementor-widget-text-editor\" data-id=\"cb12f9a\" data-element_type=\"widget\" data-e-type=\"widget\" data-widget_type=\"text-editor.default\">\n\t\t\t\t<div class=\"elementor-widget-container\">\n\t\t\t\t\t\t\t\t\t<p>Lo scopo del sito web della chapelle sainte rita \u00e8 quello di fornire informazioni su tutte le attivit\u00e0 dell&#8217;azienda.<\/p>\n<p>chapelle sainte rita si impegna a fornire informazioni il pi\u00f9 possibile accurate sul sito web di chapelle sainte rita. Tuttavia, la chapelle sainte rita non pu\u00f2 essere ritenuta responsabile per eventuali omissioni, imprecisioni o mancati aggiornamenti delle informazioni, causati dalla stessa chapelle sainte rita o da partner terzi che forniscono le informazioni. <\/p>\n<p>Tutte le informazioni contenute nel sito web della chapelle sainte rita sono fornite a titolo informativo e sono soggette a modifiche. Inoltre, le informazioni contenute nel sito web della chapelle sainte rita non sono esaustive. Sono soggette a modifiche da quando sono state messe online.  <\/p>\n\t\t\t\t\t\t\t\t<\/div>\n\t\t\t\t<\/div>\n\t\t\t\t\t<\/div>\n\t\t\t\t<\/div>\n\t\t<div class=\"elementor-element elementor-element-ec49a9e e-flex e-con-boxed e-con e-parent\" data-id=\"ec49a9e\" data-element_type=\"container\" data-e-type=\"container\">\n\t\t\t\t\t<div class=\"e-con-inner\">\n\t\t\t\t<div class=\"elementor-element elementor-element-fee6898 elementor-widget elementor-widget-heading\" data-id=\"fee6898\" data-element_type=\"widget\" data-e-type=\"widget\" data-widget_type=\"heading.default\">\n\t\t\t\t<div class=\"elementor-widget-container\">\n\t\t\t\t\t<h2 class=\"elementor-heading-title elementor-size-default\">4. Limitazioni contrattuali sui dati tecnici<\/h2>\t\t\t\t<\/div>\n\t\t\t\t<\/div>\n\t\t\t\t<div class=\"elementor-element elementor-element-b7d81b4 elementor-widget elementor-widget-text-editor\" data-id=\"b7d81b4\" data-element_type=\"widget\" data-e-type=\"widget\" data-widget_type=\"text-editor.default\">\n\t\t\t\t<div class=\"elementor-widget-container\">\n\t\t\t\t\t\t\t\t\t<p>Il sito utilizza la tecnologia JavaScript e non pu\u00f2 essere ritenuto responsabile di eventuali danni materiali derivanti dall&#8217;uso del sito. Inoltre, gli utenti del sito si impegnano ad accedervi con apparecchiature recenti e prive di virus e con un browser aggiornato e di ultima generazione. <\/p>\n\t\t\t\t\t\t\t\t<\/div>\n\t\t\t\t<\/div>\n\t\t\t\t\t<\/div>\n\t\t\t\t<\/div>\n\t\t<div class=\"elementor-element elementor-element-90d2677 e-flex e-con-boxed e-con e-parent\" data-id=\"90d2677\" data-element_type=\"container\" data-e-type=\"container\">\n\t\t\t\t\t<div class=\"e-con-inner\">\n\t\t\t\t<div class=\"elementor-element elementor-element-df08cda elementor-widget elementor-widget-heading\" data-id=\"df08cda\" data-element_type=\"widget\" data-e-type=\"widget\" data-widget_type=\"heading.default\">\n\t\t\t\t<div class=\"elementor-widget-container\">\n\t\t\t\t\t<h2 class=\"elementor-heading-title elementor-size-default\">5. Propriet\u00e0 intellettuale e contraffazione<\/h2>\t\t\t\t<\/div>\n\t\t\t\t<\/div>\n\t\t\t\t<div class=\"elementor-element elementor-element-c438d31 elementor-widget elementor-widget-text-editor\" data-id=\"c438d31\" data-element_type=\"widget\" data-e-type=\"widget\" data-widget_type=\"text-editor.default\">\n\t\t\t\t<div class=\"elementor-widget-container\">\n\t\t\t\t\t\t\t\t\t<p>Chapelle sainte rita \u00e8 titolare dei diritti di propriet\u00e0 intellettuale o detiene i diritti di utilizzo di tutti gli elementi accessibili sul sito, in particolare testi, immagini, grafici, loghi, icone, suoni e software.<\/p>\n<p>\u00c8 vietata la riproduzione, la rappresentazione, la modifica, la pubblicazione, l&#8217;adattamento di tutti o parte degli elementi del sito, qualunque sia il mezzo o il processo utilizzato, salvo previa autorizzazione scritta di: chapelle sainte rita.<\/p>\n<p>Qualsiasi utilizzo non autorizzato del sito o di qualsiasi elemento in esso contenuto sar\u00e0 considerato come una violazione e sar\u00e0 perseguito in conformit\u00e0 alle disposizioni degli articoli L.335-2 e seguenti del Codice della Propriet\u00e0 Intellettuale francese.<\/p>\n\t\t\t\t\t\t\t\t<\/div>\n\t\t\t\t<\/div>\n\t\t\t\t\t<\/div>\n\t\t\t\t<\/div>\n\t\t<div class=\"elementor-element elementor-element-e2744e7 e-flex e-con-boxed e-con e-parent\" data-id=\"e2744e7\" data-element_type=\"container\" data-e-type=\"container\">\n\t\t\t\t\t<div class=\"e-con-inner\">\n\t\t\t\t<div class=\"elementor-element elementor-element-935da6d elementor-widget elementor-widget-heading\" data-id=\"935da6d\" data-element_type=\"widget\" data-e-type=\"widget\" data-widget_type=\"heading.default\">\n\t\t\t\t<div class=\"elementor-widget-container\">\n\t\t\t\t\t<h2 class=\"elementor-heading-title elementor-size-default\">6. Limitazione di responsabilit\u00e0<\/h2>\t\t\t\t<\/div>\n\t\t\t\t<\/div>\n\t\t\t\t<div class=\"elementor-element elementor-element-a64545a elementor-widget elementor-widget-text-editor\" data-id=\"a64545a\" data-element_type=\"widget\" data-e-type=\"widget\" data-widget_type=\"text-editor.default\">\n\t\t\t\t<div class=\"elementor-widget-container\">\n\t\t\t\t\t\t\t\t\t<p>Chapelle sainte rita non potr\u00e0 essere ritenuta responsabile per eventuali danni diretti o indiretti causati alle apparecchiature dell&#8217;utente durante l&#8217;accesso al sito web chapelle sainte rita, derivanti dall&#8217;uso di apparecchiature che non soddisfano le specifiche indicate al punto 4, o dalla comparsa di un bug o di un&#8217;incompatibilit\u00e0.<\/p>\n<p>chapelle sainte rita non sar\u00e0 responsabile di alcun danno indiretto (come la perdita di affari o di opportunit\u00e0) derivante dall&#8217;uso del sito web chapelle sainte rita.<\/p>\n<p>Sono a disposizione degli utenti aree interattive (possibilit\u00e0 di porre domande nell&#8217;area contatti). chapelle sainte rita si riserva il diritto di eliminare, senza preavviso, qualsiasi contenuto pubblicato in quest&#8217;area che contravvenga alla legislazione applicabile in Francia, in particolare alle disposizioni relative alla protezione dei dati. Ove applicabile, chapelle sainte rita si riserva inoltre il diritto di ritenere l&#8217;utente responsabile civilmente e\/o penalmente, in particolare in caso di messaggi di natura razzista, ingiuriosa, diffamatoria o pornografica, indipendentemente dal mezzo utilizzato (testo, fotografie, ecc.).  <\/p>\n\t\t\t\t\t\t\t\t<\/div>\n\t\t\t\t<\/div>\n\t\t\t\t\t<\/div>\n\t\t\t\t<\/div>\n\t\t<div class=\"elementor-element elementor-element-a71f834 e-flex e-con-boxed e-con e-parent\" data-id=\"a71f834\" data-element_type=\"container\" data-e-type=\"container\">\n\t\t\t\t\t<div class=\"e-con-inner\">\n\t\t\t\t<div class=\"elementor-element elementor-element-10fbc82 elementor-widget elementor-widget-heading\" data-id=\"10fbc82\" data-element_type=\"widget\" data-e-type=\"widget\" data-widget_type=\"heading.default\">\n\t\t\t\t<div class=\"elementor-widget-container\">\n\t\t\t\t\t<h2 class=\"elementor-heading-title elementor-size-default\">7. Gestione dei dati personali<\/h2>\t\t\t\t<\/div>\n\t\t\t\t<\/div>\n\t\t\t\t<div class=\"elementor-element elementor-element-85a3826 elementor-widget elementor-widget-text-editor\" data-id=\"85a3826\" data-element_type=\"widget\" data-e-type=\"widget\" data-widget_type=\"text-editor.default\">\n\t\t\t\t<div class=\"elementor-widget-container\">\n\t\t\t\t\t\t\t\t\t<p>In Francia, i dati personali sono protetti dalla legge n. 78-87 del 6 gennaio 1978, dalla legge n. 2004-801 del 6 agosto 2004, dall&#8217;articolo L. 226-13 del Codice Penale e dalla Direttiva Europea del 24 ottobre 1995.<\/p>\n<p>Quando si utilizza il sito chapelle sainte rita, possono essere raccolte le seguenti informazioni: l&#8217;URL dei link attraverso i quali l&#8217;utente accede al sito chapelle sainte rita, il provider di accesso dell&#8217;utente, l&#8217;indirizzo del protocollo Internet (IP) dell&#8217;utente.<\/p>\n<p>In ogni caso, chapelle sainte rita raccoglie informazioni personali relative all&#8217;utente solo ai fini di alcuni servizi offerti dal sito web di chapelle sainte rita. Gli utenti forniscono queste informazioni con cognizione di causa, in particolare quando le inseriscono loro stessi.<br \/>In conformit\u00e0 alle disposizioni degli articoli 38 e seguenti della legge 78-17 del 6 gennaio 1978 sul trattamento dei dati, gli archivi e le libert\u00e0 individuali, tutti gli utenti hanno il diritto di accedere, rettificare e opporsi a qualsiasi dato personale che li riguardi, presentando una richiesta scritta e firmata, accompagnata da una copia del documento d&#8217;identit\u00e0 recante la firma del titolare del documento, specificando l&#8217;indirizzo a cui inviare la risposta.  <\/p>\n<p>Nessuna informazione personale dell&#8217;utente del sito chapelle sainte rita viene pubblicata all&#8217;insaputa dell&#8217;utente, scambiata, trasferita, ceduta o venduta su qualsiasi supporto a terzi. Solo l&#8217;ipotesi di riacquisto di chapelle sainte rita e dei suoi diritti consentirebbe la trasmissione delle suddette informazioni all&#8217;eventuale acquirente che sarebbe a sua volta tenuto allo stesso obbligo di conservazione e modifica dei dati rispetto all&#8217;utente del sito chapelle sainte rita. <br \/>Il sito di cui sopra \u00e8 registrato presso la CNIL con il numero attuale.<\/p>\n<p>Le banche dati sono protette dalle disposizioni della legge del 1 luglio 1998 che recepisce la direttiva 96\/9 dell&#8217;11 marzo 1996 sulla tutela giuridica delle banche dati.<\/p>\n\t\t\t\t\t\t\t\t<\/div>\n\t\t\t\t<\/div>\n\t\t\t\t\t<\/div>\n\t\t\t\t<\/div>\n\t\t<div class=\"elementor-element elementor-element-a0e7ef7 e-flex e-con-boxed e-con e-parent\" data-id=\"a0e7ef7\" data-element_type=\"container\" data-e-type=\"container\">\n\t\t\t\t\t<div class=\"e-con-inner\">\n\t\t\t\t<div class=\"elementor-element elementor-element-db55cdc elementor-widget elementor-widget-heading\" data-id=\"db55cdc\" data-element_type=\"widget\" data-e-type=\"widget\" data-widget_type=\"heading.default\">\n\t\t\t\t<div class=\"elementor-widget-container\">\n\t\t\t\t\t<h2 class=\"elementor-heading-title elementor-size-default\">8. Link ipertestuali e cookie<\/h2>\t\t\t\t<\/div>\n\t\t\t\t<\/div>\n\t\t\t\t<div class=\"elementor-element elementor-element-cd43ef6 elementor-widget elementor-widget-text-editor\" data-id=\"cd43ef6\" data-element_type=\"widget\" data-e-type=\"widget\" data-widget_type=\"text-editor.default\">\n\t\t\t\t<div class=\"elementor-widget-container\">\n\t\t\t\t\t\t\t\t\t<p>Il sito della chapelle sainte rita contiene una serie di collegamenti ipertestuali ad altri siti, creati con l&#8217;autorizzazione della chapelle sainte rita. Tuttavia, chapelle sainte rita non \u00e8 in grado di controllare il contenuto dei siti visitati in questo modo e di conseguenza non si assume alcuna responsabilit\u00e0 al riguardo. <\/p>\n<p>La navigazione sul sito web della chapelle sainte rita pu\u00f2 causare l&#8217;installazione di cookie sul computer dell&#8217;utente. Un cookie \u00e8 un piccolo file che non consente di identificare l&#8217;utente, ma che registra informazioni relative alla navigazione di un computer su un sito. I dati ottenuti in questo modo hanno lo scopo di facilitare la successiva navigazione del sito e vengono utilizzati anche per misurare il numero di visitatori.  <\/p>\n<p>Il rifiuto di installare un cookie pu\u00f2 rendere impossibile l&#8217;accesso a determinati servizi. Tuttavia, gli utenti possono configurare il proprio computer come segue per rifiutare l&#8217;installazione dei cookie: <br \/><strong>In Internet Explorer:<\/strong> scheda Strumenti (icona a forma di ruota in alto a destra) \/ Opzioni Internet. Clicca su Riservatezza e scegli Blocca tutti i cookie. Conferma con Ok.  <br \/><strong>Firefox:<\/strong> nella parte superiore della finestra del browser, clicca sul pulsante Firefox, quindi vai alla scheda Opzioni. Clicca sulla scheda Privacy. Imposta le Regole di conservazione su: utilizza impostazioni personalizzate per la cronologia. Infine, deseleziona per disattivare i cookie.   <br \/><strong>Su Safari:<\/strong> clicca sull&#8217;icona del menu (simboleggiata da un ingranaggio) in alto a destra del browser. Seleziona Impostazioni. Clicca su Mostra impostazioni avanzate. Nella sezione &#8220;Riservatezza&#8221;, clicca su Impostazioni dei contenuti. Nella sezione &#8220;Cookie&#8221; puoi bloccare i cookie.    <br \/><strong>In Chrome:<\/strong> clicca sull&#8217;icona del menu (simboleggiata da tre linee orizzontali) nell&#8217;angolo in alto a destra del browser. Seleziona Impostazioni. Clicca su Mostra impostazioni avanzate. Nella sezione &#8220;Riservatezza&#8221;, clicca su Preferenze. Nella scheda &#8220;Riservatezza&#8221; puoi bloccare i cookie.    <\/p>\n\t\t\t\t\t\t\t\t<\/div>\n\t\t\t\t<\/div>\n\t\t\t\t\t<\/div>\n\t\t\t\t<\/div>\n\t\t<div class=\"elementor-element elementor-element-a3aafef e-flex e-con-boxed e-con e-parent\" data-id=\"a3aafef\" data-element_type=\"container\" data-e-type=\"container\">\n\t\t\t\t\t<div class=\"e-con-inner\">\n\t\t\t\t<div class=\"elementor-element elementor-element-8fda267 elementor-widget elementor-widget-heading\" data-id=\"8fda267\" data-element_type=\"widget\" data-e-type=\"widget\" data-widget_type=\"heading.default\">\n\t\t\t\t<div class=\"elementor-widget-container\">\n\t\t\t\t\t<h2 class=\"elementor-heading-title elementor-size-default\">9. Legge applicabile e giurisdizione<\/h2>\t\t\t\t<\/div>\n\t\t\t\t<\/div>\n\t\t\t\t<div class=\"elementor-element elementor-element-f62dd3b elementor-widget elementor-widget-text-editor\" data-id=\"f62dd3b\" data-element_type=\"widget\" data-e-type=\"widget\" data-widget_type=\"text-editor.default\">\n\t\t\t\t<div class=\"elementor-widget-container\">\n\t\t\t\t\t\t\t\t\t<p>Qualsiasi controversia relativa all&#8217;utilizzo del sito chapelle sainte rita  <a href=\"https:\/\/www.devis-borne-de-recharge.pro\/\"> <\/a>\u00e8 soggetto alla legge francese. La giurisdizione esclusiva \u00e8 affidata ai tribunali competenti di Versailles. <\/p>\n\t\t\t\t\t\t\t\t<\/div>\n\t\t\t\t<\/div>\n\t\t\t\t\t<\/div>\n\t\t\t\t<\/div>\n\t\t<div class=\"elementor-element elementor-element-52b82b4 e-flex e-con-boxed e-con e-parent\" data-id=\"52b82b4\" data-element_type=\"container\" data-e-type=\"container\">\n\t\t\t\t\t<div class=\"e-con-inner\">\n\t\t\t\t<div class=\"elementor-element elementor-element-9e43f84 elementor-widget elementor-widget-heading\" data-id=\"9e43f84\" data-element_type=\"widget\" data-e-type=\"widget\" data-widget_type=\"heading.default\">\n\t\t\t\t<div class=\"elementor-widget-container\">\n\t\t\t\t\t<h2 class=\"elementor-heading-title elementor-size-default\">10. Le principali leggi interessate<\/h2>\t\t\t\t<\/div>\n\t\t\t\t<\/div>\n\t\t\t\t<div class=\"elementor-element elementor-element-86a67e9 elementor-widget elementor-widget-text-editor\" data-id=\"86a67e9\" data-element_type=\"widget\" data-e-type=\"widget\" data-widget_type=\"text-editor.default\">\n\t\t\t\t<div class=\"elementor-widget-container\">\n\t\t\t\t\t\t\t\t\t<p>Legge n. 78-87 del 6 gennaio 1978, modificata dalla legge n. 2004-801 del 6 agosto 2004 sul trattamento dei dati, sugli archivi e sulle libert\u00e0 individuali.<\/p>\n<p>Legge n. 2004-575 del 21 giugno 2004 sulla fiducia nell&#8217;economia digitale.<\/p>\n\t\t\t\t\t\t\t\t<\/div>\n\t\t\t\t<\/div>\n\t\t\t\t\t<\/div>\n\t\t\t\t<\/div>\n\t\t<div class=\"elementor-element elementor-element-4a43f9b e-flex e-con-boxed e-con e-parent\" data-id=\"4a43f9b\" data-element_type=\"container\" data-e-type=\"container\">\n\t\t\t\t\t<div class=\"e-con-inner\">\n\t\t\t\t<div class=\"elementor-element elementor-element-94271b9 elementor-widget elementor-widget-heading\" data-id=\"94271b9\" data-element_type=\"widget\" data-e-type=\"widget\" data-widget_type=\"heading.default\">\n\t\t\t\t<div class=\"elementor-widget-container\">\n\t\t\t\t\t<h2 class=\"elementor-heading-title elementor-size-default\">11. Glossario<\/h2>\t\t\t\t<\/div>\n\t\t\t\t<\/div>\n\t\t\t\t<div class=\"elementor-element elementor-element-065c21b elementor-widget elementor-widget-text-editor\" data-id=\"065c21b\" data-element_type=\"widget\" data-e-type=\"widget\" data-widget_type=\"text-editor.default\">\n\t\t\t\t<div class=\"elementor-widget-container\">\n\t\t\t\t\t\t\t\t\t<p>Utente: utente di Internet che si connette e utilizza il sito di cui sopra.<\/p>\n<p>Informazioni personali: &#8220;informazioni che consentono, in qualsiasi forma, direttamente o indirettamente, l&#8217;identificazione delle persone fisiche cui si riferiscono&#8221; (articolo 4 della legge n. 78-17 del 6 gennaio 1978).<\/p>\n\t\t\t\t\t\t\t\t<\/div>\n\t\t\t\t<\/div>\n\t\t\t\t\t<\/div>\n\t\t\t\t<\/div>\n\t\t\t\t<\/div>\n\t\t","protected":false},"excerpt":{"rendered":"<p>1. Presentazione del sito Ai sensi dell&#8217;articolo 6 della legge n. 2004-575 del 21 giugno 2004 sulla fiducia nell&#8217;economia digitale, gli utenti del sito web della chapelle sainte rita sono informati dell&#8217;identit\u00e0 dei vari soggetti coinvolti nella sua creazione e nel suo aggiornamento: [O .M.V.]Editore del sito web: Il sito web della Cappella Sainte Rita [&hellip;]<\/p>\n","protected":false},"author":1,"featured_media":0,"parent":0,"menu_order":0,"comment_status":"closed","ping_status":"closed","template":"elementor_header_footer","meta":{"footnotes":""},"class_list":["post-6308","page","type-page","status-publish","hentry"],"_links":{"self":[{"href":"https:\/\/www.chapelle-sainte-rita.com\/it\/wp-json\/wp\/v2\/pages\/6308","targetHints":{"allow":["GET"]}}],"collection":[{"href":"https:\/\/www.chapelle-sainte-rita.com\/it\/wp-json\/wp\/v2\/pages"}],"about":[{"href":"https:\/\/www.chapelle-sainte-rita.com\/it\/wp-json\/wp\/v2\/types\/page"}],"author":[{"embeddable":true,"href":"https:\/\/www.chapelle-sainte-rita.com\/it\/wp-json\/wp\/v2\/users\/1"}],"replies":[{"embeddable":true,"href":"https:\/\/www.chapelle-sainte-rita.com\/it\/wp-json\/wp\/v2\/comments?post=6308"}],"version-history":[{"count":2,"href":"https:\/\/www.chapelle-sainte-rita.com\/it\/wp-json\/wp\/v2\/pages\/6308\/revisions"}],"predecessor-version":[{"id":7667,"href":"https:\/\/www.chapelle-sainte-rita.com\/it\/wp-json\/wp\/v2\/pages\/6308\/revisions\/7667"}],"wp:attachment":[{"href":"https:\/\/www.chapelle-sainte-rita.com\/it\/wp-json\/wp\/v2\/media?parent=6308"}],"curies":[{"name":"wp","href":"https:\/\/api.w.org\/{rel}","templated":true}]}}